{"id":1316,"date":"2022-06-24T22:46:21","date_gmt":"2022-06-24T20:46:21","guid":{"rendered":"http:\/\/couleurs-cami.com\/?page_id=1316"},"modified":"2025-10-21T17:59:14","modified_gmt":"2025-10-21T15:59:14","slug":"collection-sables","status":"publish","type":"page","link":"https:\/\/couleurs-cami.com\/index.php\/collection-sables\/","title":{"rendered":"Collection Art d\u00e9co"},"content":{"rendered":"\n<p>Tableaux modernes abstraits inspir\u00e9es d &lsquo;un motif art d\u00e9co dans les tons taupe, beige, noir ou blanc<\/p>\n\n\n\n<figure class=\"wp-block-gallery has-nested-images columns-1 is-cropped wp-block-gallery-1 is-layout-flex wp-block-gallery-is-layout-flex\">\n<figure data-wp-context=\"{&quot;imageId&quot;:&quot;69de74e97a697&quot;}\" data-wp-interactive=\"core\/image\" data-wp-key=\"69de74e97a697\" class=\"wp-block-image size-medium wp-lightbox-container\"><img loading=\"lazy\" decoding=\"async\" width=\"479\" height=\"600\" data-wp-class--hide=\"state.isContentHidden\" data-wp-class--show=\"state.isContentVisible\" data-wp-init=\"callbacks.setButtonStyles\" data-wp-on--click=\"actions.showLightbox\" data-wp-on--load=\"callbacks.setButtonStyles\" data-wp-on-window--resize=\"callbacks.setButtonStyles\" data-id=\"1866\" src=\"https:\/\/couleurs-cami.com\/wp-content\/uploads\/CAMI_R58__9273-WEB-479x600.jpg\" alt=\"\" class=\"wp-image-1866\" srcset=\"https:\/\/couleurs-cami.com\/wp-content\/uploads\/CAMI_R58__9273-WEB-479x600.jpg 479w, https:\/\/couleurs-cami.com\/wp-content\/uploads\/CAMI_R58__9273-WEB-638x800.jpg 638w, https:\/\/couleurs-cami.com\/wp-content\/uploads\/CAMI_R58__9273-WEB-768x963.jpg 768w, https:\/\/couleurs-cami.com\/wp-content\/uploads\/CAMI_R58__9273-WEB.jpg 817w\" sizes=\"auto, (max-width: 479px) 100vw, 479px\" \/><button\n\t\t\tclass=\"lightbox-trigger\"\n\t\t\ttype=\"button\"\n\t\t\taria-haspopup=\"dialog\"\n\t\t\taria-label=\"Agrandir\"\n\t\t\tdata-wp-init=\"callbacks.initTriggerButton\"\n\t\t\tdata-wp-on--click=\"actions.showLightbox\"\n\t\t\tdata-wp-style--right=\"state.imageButtonRight\"\n\t\t\tdata-wp-style--top=\"state.imageButtonTop\"\n\t\t>\n\t\t\t<svg xmlns=\"http:\/\/www.w3.org\/2000\/svg\" width=\"12\" height=\"12\" fill=\"none\" viewBox=\"0 0 12 12\">\n\t\t\t\t<path fill=\"#fff\" d=\"M2 0a2 2 0 0 0-2 2v2h1.5V2a.5.5 0 0 1 .5-.5h2V0H2Zm2 10.5H2a.5.5 0 0 1-.5-.5V8H0v2a2 2 0 0 0 2 2h2v-1.5ZM8 12v-1.5h2a.5.5 0 0 0 .5-.5V8H12v2a2 2 0 0 1-2 2H8Zm2-12a2 2 0 0 1 2 2v2h-1.5V2a.5.5 0 0 0-.5-.5H8V0h2Z\" \/>\n\t\t\t<\/svg>\n\t\t<\/button><figcaption class=\"wp-element-caption\">CAMI R58 &#8211; 92 x 73 cm<\/figcaption><\/figure>\n\n\n\n<figure data-wp-context=\"{&quot;imageId&quot;:&quot;69de74e97ac39&quot;}\" data-wp-interactive=\"core\/image\" data-wp-key=\"69de74e97ac39\" class=\"wp-block-image size-medium wp-lightbox-container\"><img loading=\"lazy\" decoding=\"async\" width=\"473\" height=\"600\" data-wp-class--hide=\"state.isContentHidden\" data-wp-class--show=\"state.isContentVisible\" data-wp-init=\"callbacks.setButtonStyles\" data-wp-on--click=\"actions.showLightbox\" data-wp-on--load=\"callbacks.setButtonStyles\" data-wp-on-window--resize=\"callbacks.setButtonStyles\" data-id=\"1885\" src=\"https:\/\/couleurs-cami.com\/wp-content\/uploads\/CAMI_R59_9273-WEB-473x600.jpg\" alt=\"\" class=\"wp-image-1885\" srcset=\"https:\/\/couleurs-cami.com\/wp-content\/uploads\/CAMI_R59_9273-WEB-473x600.jpg 473w, https:\/\/couleurs-cami.com\/wp-content\/uploads\/CAMI_R59_9273-WEB-630x800.jpg 630w, https:\/\/couleurs-cami.com\/wp-content\/uploads\/CAMI_R59_9273-WEB-768x975.jpg 768w, https:\/\/couleurs-cami.com\/wp-content\/uploads\/CAMI_R59_9273-WEB.jpg 807w\" sizes=\"auto, (max-width: 473px) 100vw, 473px\" \/><button\n\t\t\tclass=\"lightbox-trigger\"\n\t\t\ttype=\"button\"\n\t\t\taria-haspopup=\"dialog\"\n\t\t\taria-label=\"Agrandir\"\n\t\t\tdata-wp-init=\"callbacks.initTriggerButton\"\n\t\t\tdata-wp-on--click=\"actions.showLightbox\"\n\t\t\tdata-wp-style--right=\"state.imageButtonRight\"\n\t\t\tdata-wp-style--top=\"state.imageButtonTop\"\n\t\t>\n\t\t\t<svg xmlns=\"http:\/\/www.w3.org\/2000\/svg\" width=\"12\" height=\"12\" fill=\"none\" viewBox=\"0 0 12 12\">\n\t\t\t\t<path fill=\"#fff\" d=\"M2 0a2 2 0 0 0-2 2v2h1.5V2a.5.5 0 0 1 .5-.5h2V0H2Zm2 10.5H2a.5.5 0 0 1-.5-.5V8H0v2a2 2 0 0 0 2 2h2v-1.5ZM8 12v-1.5h2a.5.5 0 0 0 .5-.5V8H12v2a2 2 0 0 1-2 2H8Zm2-12a2 2 0 0 1 2 2v2h-1.5V2a.5.5 0 0 0-.5-.5H8V0h2Z\" \/>\n\t\t\t<\/svg>\n\t\t<\/button><figcaption class=\"wp-element-caption\">CAMI R59 &#8211; 92 x 73 cm<\/figcaption><\/figure>\n\n\n\n<figure class=\"wp-block-image size-medium\"><img loading=\"lazy\" decoding=\"async\" width=\"600\" height=\"459\" data-id=\"1887\" src=\"https:\/\/couleurs-cami.com\/wp-content\/uploads\/CAMI_R62_5065-WEB-600x459.jpg\" alt=\"\" class=\"wp-image-1887\" srcset=\"https:\/\/couleurs-cami.com\/wp-content\/uploads\/CAMI_R62_5065-WEB-600x459.jpg 600w, https:\/\/couleurs-cami.com\/wp-content\/uploads\/CAMI_R62_5065-WEB-1024x783.jpg 1024w, https:\/\/couleurs-cami.com\/wp-content\/uploads\/CAMI_R62_5065-WEB-768x587.jpg 768w, https:\/\/couleurs-cami.com\/wp-content\/uploads\/CAMI_R62_5065-WEB.jpg 1339w\" sizes=\"auto, (max-width: 600px) 100vw, 600px\" \/><figcaption class=\"wp-element-caption\">CAMI R62 &#8211; Vendu<\/figcaption><\/figure>\n\n\n\n<figure class=\"wp-block-image size-medium\"><img loading=\"lazy\" decoding=\"async\" width=\"600\" height=\"459\" data-id=\"1392\" src=\"https:\/\/couleurs-cami.com\/wp-content\/uploads\/CAMI_R60_5065-600x459.jpg\" alt=\"\" class=\"wp-image-1392\" srcset=\"https:\/\/couleurs-cami.com\/wp-content\/uploads\/CAMI_R60_5065-600x459.jpg 600w, https:\/\/couleurs-cami.com\/wp-content\/uploads\/CAMI_R60_5065-1024x784.jpg 1024w, https:\/\/couleurs-cami.com\/wp-content\/uploads\/CAMI_R60_5065-768x588.jpg 768w, https:\/\/couleurs-cami.com\/wp-content\/uploads\/CAMI_R60_5065-1536x1176.jpg 1536w, https:\/\/couleurs-cami.com\/wp-content\/uploads\/CAMI_R60_5065-2048x1567.jpg 2048w\" sizes=\"auto, (max-width: 600px) 100vw, 600px\" \/><figcaption class=\"wp-element-caption\">CAMI R60 &#8211; Vendu<\/figcaption><\/figure>\n<figcaption class=\"blocks-gallery-caption wp-element-caption\">SEVENTIES<\/figcaption><\/figure>\n\n\n\n<p>Chaque toile est fournie avec un certificat d\u2019authenticit\u00e9. Tous les bords sont peints et chacune des toiles poss\u00e8de un syst\u00e8me d\u2019accrochage au dos.<\/p>\n\n\n\n<p>Pour commander une toile,&nbsp;<strong><a href=\"https:\/\/couleurs-cami.com\/index.php\/devis\/\" target=\"_blank\" rel=\"noreferrer noopener\">\u00e9crivez-nous<\/a>&nbsp;sur couleurs.cami@gmail.com <\/strong>en pr\u00e9cisant la r\u00e9f\u00e9rence de la toile (exemple R69).<\/p>\n","protected":false},"excerpt":{"rendered":"<p>Tableaux modernes abstraits inspir\u00e9es d &lsquo;un motif art d\u00e9co dans les tons taupe, beige, noir ou blanc Chaque toile est fournie avec un certificat d\u2019authenticit\u00e9. Tous les bords sont peints et chacune des toiles poss\u00e8de un syst\u00e8me d\u2019accrochage au dos. Pour commander une toile,&nbsp;\u00e9crivez-nous&nbsp;sur couleurs.cami@gmail.com en pr\u00e9cisant la r\u00e9f\u00e9rence de la toile (exemple R69).<\/p>\n","protected":false},"author":1,"featured_media":0,"parent":0,"menu_order":2,"comment_status":"closed","ping_status":"closed","template":"","meta":{"om_disable_all_campaigns":false,"_monsterinsights_skip_tracking":false,"_monsterinsights_sitenote_active":false,"_monsterinsights_sitenote_note":"","_monsterinsights_sitenote_category":0,"footnotes":""},"class_list":["post-1316","page","type-page","status-publish","hentry"],"aioseo_notices":[],"_links":{"self":[{"href":"https:\/\/couleurs-cami.com\/index.php\/wp-json\/wp\/v2\/pages\/1316","targetHints":{"allow":["GET"]}}],"collection":[{"href":"https:\/\/couleurs-cami.com\/index.php\/wp-json\/wp\/v2\/pages"}],"about":[{"href":"https:\/\/couleurs-cami.com\/index.php\/wp-json\/wp\/v2\/types\/page"}],"author":[{"embeddable":true,"href":"https:\/\/couleurs-cami.com\/index.php\/wp-json\/wp\/v2\/users\/1"}],"replies":[{"embeddable":true,"href":"https:\/\/couleurs-cami.com\/index.php\/wp-json\/wp\/v2\/comments?post=1316"}],"version-history":[{"count":62,"href":"https:\/\/couleurs-cami.com\/index.php\/wp-json\/wp\/v2\/pages\/1316\/revisions"}],"predecessor-version":[{"id":2974,"href":"https:\/\/couleurs-cami.com\/index.php\/wp-json\/wp\/v2\/pages\/1316\/revisions\/2974"}],"wp:attachment":[{"href":"https:\/\/couleurs-cami.com\/index.php\/wp-json\/wp\/v2\/media?parent=1316"}],"curies":[{"name":"wp","href":"https:\/\/api.w.org\/{rel}","templated":true}]}}