{"id":1407,"date":"2022-08-04T16:06:13","date_gmt":"2022-08-04T14:06:13","guid":{"rendered":"http:\/\/couleurs-cami.com\/?page_id=1407"},"modified":"2025-01-03T19:59:15","modified_gmt":"2025-01-03T18:59:15","slug":"collection-grands-cami","status":"publish","type":"page","link":"https:\/\/couleurs-cami.com\/index.php\/collection-grands-cami\/","title":{"rendered":"Collection GRANDS FORMATS"},"content":{"rendered":"\n<figure class=\"wp-block-gallery has-nested-images columns-1 is-cropped wp-block-gallery-1 is-layout-flex wp-block-gallery-is-layout-flex\">\n<figure data-wp-context=\"{&quot;imageId&quot;:&quot;69e760c3c7864&quot;}\" data-wp-interactive=\"core\/image\" data-wp-key=\"69e760c3c7864\" class=\"wp-block-image size-large wp-lightbox-container\"><img loading=\"lazy\" decoding=\"async\" width=\"1024\" height=\"783\" data-wp-class--hide=\"state.isContentHidden\" data-wp-class--show=\"state.isContentVisible\" data-wp-init=\"callbacks.setButtonStyles\" data-wp-on--click=\"actions.showLightbox\" data-wp-on--load=\"callbacks.setButtonStyles\" data-wp-on-window--resize=\"callbacks.setButtonStyles\" data-id=\"2127\" src=\"https:\/\/couleurs-cami.com\/wp-content\/uploads\/CAMI_GR09-1024x783.jpeg\" alt=\"\" class=\"wp-image-2127\" srcset=\"https:\/\/couleurs-cami.com\/wp-content\/uploads\/CAMI_GR09-1024x783.jpeg 1024w, https:\/\/couleurs-cami.com\/wp-content\/uploads\/CAMI_GR09-600x459.jpeg 600w, https:\/\/couleurs-cami.com\/wp-content\/uploads\/CAMI_GR09-768x587.jpeg 768w, https:\/\/couleurs-cami.com\/wp-content\/uploads\/CAMI_GR09-1536x1174.jpeg 1536w, https:\/\/couleurs-cami.com\/wp-content\/uploads\/CAMI_GR09-2048x1565.jpeg 2048w\" sizes=\"auto, (max-width: 767px) 89vw, (max-width: 1000px) 54vw, (max-width: 1071px) 543px, 580px\" \/><button\n\t\t\tclass=\"lightbox-trigger\"\n\t\t\ttype=\"button\"\n\t\t\taria-haspopup=\"dialog\"\n\t\t\taria-label=\"Agrandir\"\n\t\t\tdata-wp-init=\"callbacks.initTriggerButton\"\n\t\t\tdata-wp-on--click=\"actions.showLightbox\"\n\t\t\tdata-wp-style--right=\"state.imageButtonRight\"\n\t\t\tdata-wp-style--top=\"state.imageButtonTop\"\n\t\t>\n\t\t\t<svg xmlns=\"http:\/\/www.w3.org\/2000\/svg\" width=\"12\" height=\"12\" fill=\"none\" viewBox=\"0 0 12 12\">\n\t\t\t\t<path fill=\"#fff\" d=\"M2 0a2 2 0 0 0-2 2v2h1.5V2a.5.5 0 0 1 .5-.5h2V0H2Zm2 10.5H2a.5.5 0 0 1-.5-.5V8H0v2a2 2 0 0 0 2 2h2v-1.5ZM8 12v-1.5h2a.5.5 0 0 0 .5-.5V8H12v2a2 2 0 0 1-2 2H8Zm2-12a2 2 0 0 1 2 2v2h-1.5V2a.5.5 0 0 0-.5-.5H8V0h2Z\" \/>\n\t\t\t<\/svg>\n\t\t<\/button><figcaption class=\"wp-element-caption\">CAMI GR09 &#8211; 114 x 146 cm<\/figcaption><\/figure>\n\n\n\n<figure data-wp-context=\"{&quot;imageId&quot;:&quot;69e760c3c7e7e&quot;}\" data-wp-interactive=\"core\/image\" data-wp-key=\"69e760c3c7e7e\" class=\"wp-block-image size-large wp-lightbox-container\"><img loading=\"lazy\" decoding=\"async\" width=\"1003\" height=\"800\" data-wp-class--hide=\"state.isContentHidden\" data-wp-class--show=\"state.isContentVisible\" data-wp-init=\"callbacks.setButtonStyles\" data-wp-on--click=\"actions.showLightbox\" data-wp-on--load=\"callbacks.setButtonStyles\" data-wp-on-window--resize=\"callbacks.setButtonStyles\" data-id=\"2078\" src=\"https:\/\/couleurs-cami.com\/wp-content\/uploads\/CAMI_GR007-1003x800.jpg\" alt=\"\" class=\"wp-image-2078\" srcset=\"https:\/\/couleurs-cami.com\/wp-content\/uploads\/CAMI_GR007-1003x800.jpg 1003w, https:\/\/couleurs-cami.com\/wp-content\/uploads\/CAMI_GR007-600x479.jpg 600w, https:\/\/couleurs-cami.com\/wp-content\/uploads\/CAMI_GR007-768x613.jpg 768w, https:\/\/couleurs-cami.com\/wp-content\/uploads\/CAMI_GR007-1536x1225.jpg 1536w, https:\/\/couleurs-cami.com\/wp-content\/uploads\/CAMI_GR007-2048x1633.jpg 2048w\" sizes=\"auto, (max-width: 767px) 89vw, (max-width: 1000px) 54vw, (max-width: 1071px) 543px, 580px\" \/><button\n\t\t\tclass=\"lightbox-trigger\"\n\t\t\ttype=\"button\"\n\t\t\taria-haspopup=\"dialog\"\n\t\t\taria-label=\"Agrandir\"\n\t\t\tdata-wp-init=\"callbacks.initTriggerButton\"\n\t\t\tdata-wp-on--click=\"actions.showLightbox\"\n\t\t\tdata-wp-style--right=\"state.imageButtonRight\"\n\t\t\tdata-wp-style--top=\"state.imageButtonTop\"\n\t\t>\n\t\t\t<svg xmlns=\"http:\/\/www.w3.org\/2000\/svg\" width=\"12\" height=\"12\" fill=\"none\" viewBox=\"0 0 12 12\">\n\t\t\t\t<path fill=\"#fff\" d=\"M2 0a2 2 0 0 0-2 2v2h1.5V2a.5.5 0 0 1 .5-.5h2V0H2Zm2 10.5H2a.5.5 0 0 1-.5-.5V8H0v2a2 2 0 0 0 2 2h2v-1.5ZM8 12v-1.5h2a.5.5 0 0 0 .5-.5V8H12v2a2 2 0 0 1-2 2H8Zm2-12a2 2 0 0 1 2 2v2h-1.5V2a.5.5 0 0 0-.5-.5H8V0h2Z\" \/>\n\t\t\t<\/svg>\n\t\t<\/button><figcaption class=\"wp-element-caption\">CAMI GR07 &#8211; 114 x 146 cm<\/figcaption><\/figure>\n\n\n\n<figure data-wp-context=\"{&quot;imageId&quot;:&quot;69e760c3c83cc&quot;}\" data-wp-interactive=\"core\/image\" data-wp-key=\"69e760c3c83cc\" class=\"wp-block-image size-large wp-lightbox-container\"><img loading=\"lazy\" decoding=\"async\" width=\"1020\" height=\"800\" data-wp-class--hide=\"state.isContentHidden\" data-wp-class--show=\"state.isContentVisible\" data-wp-init=\"callbacks.setButtonStyles\" data-wp-on--click=\"actions.showLightbox\" data-wp-on--load=\"callbacks.setButtonStyles\" data-wp-on-window--resize=\"callbacks.setButtonStyles\" data-id=\"2085\" src=\"https:\/\/couleurs-cami.com\/wp-content\/uploads\/Emeraude-1020x800.jpg\" alt=\"\" class=\"wp-image-2085\" srcset=\"https:\/\/couleurs-cami.com\/wp-content\/uploads\/Emeraude-1020x800.jpg 1020w, https:\/\/couleurs-cami.com\/wp-content\/uploads\/Emeraude-600x470.jpg 600w, https:\/\/couleurs-cami.com\/wp-content\/uploads\/Emeraude-768x602.jpg 768w, https:\/\/couleurs-cami.com\/wp-content\/uploads\/Emeraude-1536x1204.jpg 1536w, https:\/\/couleurs-cami.com\/wp-content\/uploads\/Emeraude-2048x1606.jpg 2048w\" sizes=\"auto, (max-width: 767px) 89vw, (max-width: 1000px) 54vw, (max-width: 1071px) 543px, 580px\" \/><button\n\t\t\tclass=\"lightbox-trigger\"\n\t\t\ttype=\"button\"\n\t\t\taria-haspopup=\"dialog\"\n\t\t\taria-label=\"Agrandir\"\n\t\t\tdata-wp-init=\"callbacks.initTriggerButton\"\n\t\t\tdata-wp-on--click=\"actions.showLightbox\"\n\t\t\tdata-wp-style--right=\"state.imageButtonRight\"\n\t\t\tdata-wp-style--top=\"state.imageButtonTop\"\n\t\t>\n\t\t\t<svg xmlns=\"http:\/\/www.w3.org\/2000\/svg\" width=\"12\" height=\"12\" fill=\"none\" viewBox=\"0 0 12 12\">\n\t\t\t\t<path fill=\"#fff\" d=\"M2 0a2 2 0 0 0-2 2v2h1.5V2a.5.5 0 0 1 .5-.5h2V0H2Zm2 10.5H2a.5.5 0 0 1-.5-.5V8H0v2a2 2 0 0 0 2 2h2v-1.5ZM8 12v-1.5h2a.5.5 0 0 0 .5-.5V8H12v2a2 2 0 0 1-2 2H8Zm2-12a2 2 0 0 1 2 2v2h-1.5V2a.5.5 0 0 0-.5-.5H8V0h2Z\" \/>\n\t\t\t<\/svg>\n\t\t<\/button><figcaption class=\"wp-element-caption\">CAMI GR08 &#8211; 114 x 146 cm<\/figcaption><\/figure>\n\n\n\n<figure data-wp-context=\"{&quot;imageId&quot;:&quot;69e760c3c8884&quot;}\" data-wp-interactive=\"core\/image\" data-wp-key=\"69e760c3c8884\" class=\"wp-block-image size-large wp-lightbox-container\"><img loading=\"lazy\" decoding=\"async\" width=\"1024\" height=\"800\" data-wp-class--hide=\"state.isContentHidden\" data-wp-class--show=\"state.isContentVisible\" data-wp-init=\"callbacks.setButtonStyles\" data-wp-on--click=\"actions.showLightbox\" data-wp-on--load=\"callbacks.setButtonStyles\" data-wp-on-window--resize=\"callbacks.setButtonStyles\" data-id=\"1880\" src=\"https:\/\/couleurs-cami.com\/wp-content\/uploads\/CAMI_GR03-V2-WEB-1024x800.jpg\" alt=\"\" class=\"wp-image-1880\" srcset=\"https:\/\/couleurs-cami.com\/wp-content\/uploads\/CAMI_GR03-V2-WEB-1024x800.jpg 1024w, https:\/\/couleurs-cami.com\/wp-content\/uploads\/CAMI_GR03-V2-WEB-600x469.jpg 600w, https:\/\/couleurs-cami.com\/wp-content\/uploads\/CAMI_GR03-V2-WEB-768x600.jpg 768w, https:\/\/couleurs-cami.com\/wp-content\/uploads\/CAMI_GR03-V2-WEB.jpg 1310w\" sizes=\"auto, (max-width: 767px) 89vw, (max-width: 1000px) 54vw, (max-width: 1071px) 543px, 580px\" \/><button\n\t\t\tclass=\"lightbox-trigger\"\n\t\t\ttype=\"button\"\n\t\t\taria-haspopup=\"dialog\"\n\t\t\taria-label=\"Agrandir\"\n\t\t\tdata-wp-init=\"callbacks.initTriggerButton\"\n\t\t\tdata-wp-on--click=\"actions.showLightbox\"\n\t\t\tdata-wp-style--right=\"state.imageButtonRight\"\n\t\t\tdata-wp-style--top=\"state.imageButtonTop\"\n\t\t>\n\t\t\t<svg xmlns=\"http:\/\/www.w3.org\/2000\/svg\" width=\"12\" height=\"12\" fill=\"none\" viewBox=\"0 0 12 12\">\n\t\t\t\t<path fill=\"#fff\" d=\"M2 0a2 2 0 0 0-2 2v2h1.5V2a.5.5 0 0 1 .5-.5h2V0H2Zm2 10.5H2a.5.5 0 0 1-.5-.5V8H0v2a2 2 0 0 0 2 2h2v-1.5ZM8 12v-1.5h2a.5.5 0 0 0 .5-.5V8H12v2a2 2 0 0 1-2 2H8Zm2-12a2 2 0 0 1 2 2v2h-1.5V2a.5.5 0 0 0-.5-.5H8V0h2Z\" \/>\n\t\t\t<\/svg>\n\t\t<\/button><figcaption class=\"wp-element-caption\">CAMI GR04 &#8211; 114 x 146cm<\/figcaption><\/figure>\n\n\n\n<figure class=\"wp-block-image size-large\"><img loading=\"lazy\" decoding=\"async\" width=\"1021\" height=\"800\" data-id=\"1878\" src=\"https:\/\/couleurs-cami.com\/wp-content\/uploads\/CAMI_GR01_146116-WEB-1021x800.jpg\" alt=\"\" class=\"wp-image-1878\" srcset=\"https:\/\/couleurs-cami.com\/wp-content\/uploads\/CAMI_GR01_146116-WEB-1021x800.jpg 1021w, https:\/\/couleurs-cami.com\/wp-content\/uploads\/CAMI_GR01_146116-WEB-600x470.jpg 600w, https:\/\/couleurs-cami.com\/wp-content\/uploads\/CAMI_GR01_146116-WEB-768x602.jpg 768w, https:\/\/couleurs-cami.com\/wp-content\/uploads\/CAMI_GR01_146116-WEB.jpg 1307w\" sizes=\"auto, (max-width: 767px) 89vw, (max-width: 1000px) 54vw, (max-width: 1071px) 543px, 580px\" \/><figcaption class=\"wp-element-caption\">CAMI GR01 &#8211; Vendu<\/figcaption><\/figure>\n\n\n\n<figure class=\"wp-block-image size-large\"><img loading=\"lazy\" decoding=\"async\" width=\"1024\" height=\"786\" data-id=\"1879\" src=\"https:\/\/couleurs-cami.com\/wp-content\/uploads\/CAMI_GR06_114X146-WEB-1024x786.jpg\" alt=\"\" class=\"wp-image-1879\" srcset=\"https:\/\/couleurs-cami.com\/wp-content\/uploads\/CAMI_GR06_114X146-WEB-1024x786.jpg 1024w, https:\/\/couleurs-cami.com\/wp-content\/uploads\/CAMI_GR06_114X146-WEB-600x461.jpg 600w, https:\/\/couleurs-cami.com\/wp-content\/uploads\/CAMI_GR06_114X146-WEB-768x590.jpg 768w, https:\/\/couleurs-cami.com\/wp-content\/uploads\/CAMI_GR06_114X146-WEB.jpg 1334w\" sizes=\"auto, (max-width: 767px) 89vw, (max-width: 1000px) 54vw, (max-width: 1071px) 543px, 580px\" \/><figcaption class=\"wp-element-caption\">CAMI GR06 &#8211; Vendu<\/figcaption><\/figure>\n\n\n\n<figure class=\"wp-block-image size-medium\"><img loading=\"lazy\" decoding=\"async\" width=\"600\" height=\"473\" data-id=\"1244\" src=\"https:\/\/couleurs-cami.com\/wp-content\/uploads\/CAMI_GR02-1-600x473.jpg\" alt=\"\" class=\"wp-image-1244\" srcset=\"https:\/\/couleurs-cami.com\/wp-content\/uploads\/CAMI_GR02-1-600x473.jpg 600w, https:\/\/couleurs-cami.com\/wp-content\/uploads\/CAMI_GR02-1-1015x800.jpg 1015w, https:\/\/couleurs-cami.com\/wp-content\/uploads\/CAMI_GR02-1-768x605.jpg 768w, https:\/\/couleurs-cami.com\/wp-content\/uploads\/CAMI_GR02-1-1536x1211.jpg 1536w, https:\/\/couleurs-cami.com\/wp-content\/uploads\/CAMI_GR02-1-2048x1614.jpg 2048w\" sizes=\"auto, (max-width: 600px) 100vw, 600px\" \/><figcaption class=\"wp-element-caption\">CAMI GR02 &#8211; Vendu<\/figcaption><\/figure>\n<figcaption class=\"blocks-gallery-caption wp-element-caption\">GRANDS FORMATS<\/figcaption><\/figure>\n\n\n\n<p>Chaque toile est fournie avec un certificat d\u2019authenticit\u00e9. Tous les bords sont peints et il existe un syst\u00e8me d&rsquo;accrochage au dos de chacune des toiles.<\/p>\n\n\n\n<p><span style=\"color: rgb(238, 238, 238); white-space-collapse: collapse; background-color: rgb(34, 34, 34);\">Pour commander une toile,&nbsp;<\/span><a style=\"box-sizing: inherit; background-color: rgb(34, 34, 34); color: rgb(221, 221, 221); box-shadow: rgb(240, 240, 240) 0px -1px 0px inset; white-space-collapse: collapse;\" href=\"https:\/\/couleurs-cami.com\/index.php\/devis\/\" target=\"_blank\" rel=\"noopener\" title=\"\"><strong>\u00e9crivez-nous<\/strong><\/a><span style=\"color: rgb(238, 238, 238); white-space-collapse: collapse; background-color: rgb(34, 34, 34);\"><strong>&nbsp; sur couleurs.cami@gmail.com<\/strong> en pr\u00e9cisant la r\u00e9f\u00e9rence de la toile (exemple GRO9 )<\/span><\/p>\n","protected":false},"excerpt":{"rendered":"<p>Chaque toile est fournie avec un certificat d\u2019authenticit\u00e9. Tous les bords sont peints et il existe un syst\u00e8me d&rsquo;accrochage au dos de chacune des toiles. Pour commander une toile,&nbsp;\u00e9crivez-nous&nbsp; sur couleurs.cami@gmail.com en pr\u00e9cisant la r\u00e9f\u00e9rence de la toile (exemple GRO9 )<\/p>\n","protected":false},"author":1,"featured_media":0,"parent":0,"menu_order":9,"comment_status":"closed","ping_status":"closed","template":"","meta":{"om_disable_all_campaigns":false,"_monsterinsights_skip_tracking":false,"_monsterinsights_sitenote_active":false,"_monsterinsights_sitenote_note":"","_monsterinsights_sitenote_category":0,"footnotes":""},"class_list":["post-1407","page","type-page","status-publish","hentry"],"aioseo_notices":[],"_links":{"self":[{"href":"https:\/\/couleurs-cami.com\/index.php\/wp-json\/wp\/v2\/pages\/1407","targetHints":{"allow":["GET"]}}],"collection":[{"href":"https:\/\/couleurs-cami.com\/index.php\/wp-json\/wp\/v2\/pages"}],"about":[{"href":"https:\/\/couleurs-cami.com\/index.php\/wp-json\/wp\/v2\/types\/page"}],"author":[{"embeddable":true,"href":"https:\/\/couleurs-cami.com\/index.php\/wp-json\/wp\/v2\/users\/1"}],"replies":[{"embeddable":true,"href":"https:\/\/couleurs-cami.com\/index.php\/wp-json\/wp\/v2\/comments?post=1407"}],"version-history":[{"count":31,"href":"https:\/\/couleurs-cami.com\/index.php\/wp-json\/wp\/v2\/pages\/1407\/revisions"}],"predecessor-version":[{"id":2810,"href":"https:\/\/couleurs-cami.com\/index.php\/wp-json\/wp\/v2\/pages\/1407\/revisions\/2810"}],"wp:attachment":[{"href":"https:\/\/couleurs-cami.com\/index.php\/wp-json\/wp\/v2\/media?parent=1407"}],"curies":[{"name":"wp","href":"https:\/\/api.w.org\/{rel}","templated":true}]}}