{"id":1744,"date":"2023-03-05T19:44:22","date_gmt":"2023-03-05T18:44:22","guid":{"rendered":"http:\/\/couleurs-cami.com\/?page_id=1744"},"modified":"2026-04-03T18:11:02","modified_gmt":"2026-04-03T16:11:02","slug":"collection-nantes-2023","status":"publish","type":"page","link":"https:\/\/couleurs-cami.com\/index.php\/collection-nantes-2023\/","title":{"rendered":"Collection TONDO"},"content":{"rendered":"\n<p>Originalit\u00e9 du format rond, travail judicieux de la composition pour transformer le disque en sph\u00e8re, explosion des couleurs.<\/p>\n\n\n\n<p>Ces toiles rondes  ont un diam\u00e8tre de 80 cm elles ne n\u00e9cessitent pas d &lsquo;encadrement<\/p>\n\n\n\n<figure class=\"wp-block-gallery has-nested-images columns-1 is-cropped wp-block-gallery-1 is-layout-flex wp-block-gallery-is-layout-flex\">\n<figure data-wp-context=\"{&quot;imageId&quot;:&quot;69d64345c05f9&quot;}\" data-wp-interactive=\"core\/image\" data-wp-key=\"69d64345c05f9\" class=\"wp-block-image size-medium wp-lightbox-container\"><img loading=\"lazy\" decoding=\"async\" width=\"600\" height=\"600\" data-wp-class--hide=\"state.isContentHidden\" data-wp-class--show=\"state.isContentVisible\" data-wp-init=\"callbacks.setButtonStyles\" data-wp-on--click=\"actions.showLightbox\" data-wp-on--load=\"callbacks.setButtonStyles\" data-wp-on-window--resize=\"callbacks.setButtonStyles\" data-id=\"1830\" src=\"https:\/\/couleurs-cami.com\/wp-content\/uploads\/CAMI_H01-80-600x600.png\" alt=\"\" class=\"wp-image-1830\" srcset=\"https:\/\/couleurs-cami.com\/wp-content\/uploads\/CAMI_H01-80-600x600.png 600w, https:\/\/couleurs-cami.com\/wp-content\/uploads\/CAMI_H01-80-800x800.png 800w, https:\/\/couleurs-cami.com\/wp-content\/uploads\/CAMI_H01-80-300x300.png 300w, https:\/\/couleurs-cami.com\/wp-content\/uploads\/CAMI_H01-80-768x768.png 768w, https:\/\/couleurs-cami.com\/wp-content\/uploads\/CAMI_H01-80-100x100.png 100w, https:\/\/couleurs-cami.com\/wp-content\/uploads\/CAMI_H01-80.png 1024w\" sizes=\"auto, (max-width: 600px) 100vw, 600px\" \/><button\n\t\t\tclass=\"lightbox-trigger\"\n\t\t\ttype=\"button\"\n\t\t\taria-haspopup=\"dialog\"\n\t\t\taria-label=\"Agrandir\"\n\t\t\tdata-wp-init=\"callbacks.initTriggerButton\"\n\t\t\tdata-wp-on--click=\"actions.showLightbox\"\n\t\t\tdata-wp-style--right=\"state.imageButtonRight\"\n\t\t\tdata-wp-style--top=\"state.imageButtonTop\"\n\t\t>\n\t\t\t<svg xmlns=\"http:\/\/www.w3.org\/2000\/svg\" width=\"12\" height=\"12\" fill=\"none\" viewBox=\"0 0 12 12\">\n\t\t\t\t<path fill=\"#fff\" d=\"M2 0a2 2 0 0 0-2 2v2h1.5V2a.5.5 0 0 1 .5-.5h2V0H2Zm2 10.5H2a.5.5 0 0 1-.5-.5V8H0v2a2 2 0 0 0 2 2h2v-1.5ZM8 12v-1.5h2a.5.5 0 0 0 .5-.5V8H12v2a2 2 0 0 1-2 2H8Zm2-12a2 2 0 0 1 2 2v2h-1.5V2a.5.5 0 0 0-.5-.5H8V0h2Z\" \/>\n\t\t\t<\/svg>\n\t\t<\/button><figcaption class=\"wp-element-caption\">CAMI H01<\/figcaption><\/figure>\n\n\n\n<figure data-wp-context=\"{&quot;imageId&quot;:&quot;69d64345c0aa1&quot;}\" data-wp-interactive=\"core\/image\" data-wp-key=\"69d64345c0aa1\" class=\"wp-block-image size-large is-style-default wp-lightbox-container\"><img loading=\"lazy\" decoding=\"async\" width=\"792\" height=\"800\" data-wp-class--hide=\"state.isContentHidden\" data-wp-class--show=\"state.isContentVisible\" data-wp-init=\"callbacks.setButtonStyles\" data-wp-on--click=\"actions.showLightbox\" data-wp-on--load=\"callbacks.setButtonStyles\" data-wp-on-window--resize=\"callbacks.setButtonStyles\" data-id=\"1938\" src=\"https:\/\/couleurs-cami.com\/wp-content\/uploads\/CAMI_H03_D80-copie-792x800.jpg\" alt=\"\" class=\"wp-image-1938\" srcset=\"https:\/\/couleurs-cami.com\/wp-content\/uploads\/CAMI_H03_D80-copie-792x800.jpg 792w, https:\/\/couleurs-cami.com\/wp-content\/uploads\/CAMI_H03_D80-copie-594x600.jpg 594w, https:\/\/couleurs-cami.com\/wp-content\/uploads\/CAMI_H03_D80-copie-768x776.jpg 768w, https:\/\/couleurs-cami.com\/wp-content\/uploads\/CAMI_H03_D80-copie-1520x1536.jpg 1520w, https:\/\/couleurs-cami.com\/wp-content\/uploads\/CAMI_H03_D80-copie-2027x2048.jpg 2027w, https:\/\/couleurs-cami.com\/wp-content\/uploads\/CAMI_H03_D80-copie-100x100.jpg 100w\" sizes=\"auto, (max-width: 767px) 89vw, (max-width: 1000px) 54vw, (max-width: 1071px) 543px, 580px\" \/><button\n\t\t\tclass=\"lightbox-trigger\"\n\t\t\ttype=\"button\"\n\t\t\taria-haspopup=\"dialog\"\n\t\t\taria-label=\"Agrandir\"\n\t\t\tdata-wp-init=\"callbacks.initTriggerButton\"\n\t\t\tdata-wp-on--click=\"actions.showLightbox\"\n\t\t\tdata-wp-style--right=\"state.imageButtonRight\"\n\t\t\tdata-wp-style--top=\"state.imageButtonTop\"\n\t\t>\n\t\t\t<svg xmlns=\"http:\/\/www.w3.org\/2000\/svg\" width=\"12\" height=\"12\" fill=\"none\" viewBox=\"0 0 12 12\">\n\t\t\t\t<path fill=\"#fff\" d=\"M2 0a2 2 0 0 0-2 2v2h1.5V2a.5.5 0 0 1 .5-.5h2V0H2Zm2 10.5H2a.5.5 0 0 1-.5-.5V8H0v2a2 2 0 0 0 2 2h2v-1.5ZM8 12v-1.5h2a.5.5 0 0 0 .5-.5V8H12v2a2 2 0 0 1-2 2H8Zm2-12a2 2 0 0 1 2 2v2h-1.5V2a.5.5 0 0 0-.5-.5H8V0h2Z\" \/>\n\t\t\t<\/svg>\n\t\t<\/button><figcaption class=\"wp-element-caption\">CAMI H03<\/figcaption><\/figure>\n\n\n\n<figure data-wp-context=\"{&quot;imageId&quot;:&quot;69d64345c0e9b&quot;}\" data-wp-interactive=\"core\/image\" data-wp-key=\"69d64345c0e9b\" class=\"wp-block-image size-medium is-style-default wp-lightbox-container\"><img loading=\"lazy\" decoding=\"async\" width=\"596\" height=\"600\" data-wp-class--hide=\"state.isContentHidden\" data-wp-class--show=\"state.isContentVisible\" data-wp-init=\"callbacks.setButtonStyles\" data-wp-on--click=\"actions.showLightbox\" data-wp-on--load=\"callbacks.setButtonStyles\" data-wp-on-window--resize=\"callbacks.setButtonStyles\" data-id=\"1829\" src=\"https:\/\/couleurs-cami.com\/wp-content\/uploads\/CAMI_H2-D80-WEB-596x600.png\" alt=\"\" class=\"wp-image-1829\" srcset=\"https:\/\/couleurs-cami.com\/wp-content\/uploads\/CAMI_H2-D80-WEB-596x600.png 596w, https:\/\/couleurs-cami.com\/wp-content\/uploads\/CAMI_H2-D80-WEB-795x800.png 795w, https:\/\/couleurs-cami.com\/wp-content\/uploads\/CAMI_H2-D80-WEB-768x773.png 768w, https:\/\/couleurs-cami.com\/wp-content\/uploads\/CAMI_H2-D80-WEB-100x100.png 100w, https:\/\/couleurs-cami.com\/wp-content\/uploads\/CAMI_H2-D80-WEB.png 1017w\" sizes=\"auto, (max-width: 596px) 100vw, 596px\" \/><button\n\t\t\tclass=\"lightbox-trigger\"\n\t\t\ttype=\"button\"\n\t\t\taria-haspopup=\"dialog\"\n\t\t\taria-label=\"Agrandir\"\n\t\t\tdata-wp-init=\"callbacks.initTriggerButton\"\n\t\t\tdata-wp-on--click=\"actions.showLightbox\"\n\t\t\tdata-wp-style--right=\"state.imageButtonRight\"\n\t\t\tdata-wp-style--top=\"state.imageButtonTop\"\n\t\t>\n\t\t\t<svg xmlns=\"http:\/\/www.w3.org\/2000\/svg\" width=\"12\" height=\"12\" fill=\"none\" viewBox=\"0 0 12 12\">\n\t\t\t\t<path fill=\"#fff\" d=\"M2 0a2 2 0 0 0-2 2v2h1.5V2a.5.5 0 0 1 .5-.5h2V0H2Zm2 10.5H2a.5.5 0 0 1-.5-.5V8H0v2a2 2 0 0 0 2 2h2v-1.5ZM8 12v-1.5h2a.5.5 0 0 0 .5-.5V8H12v2a2 2 0 0 1-2 2H8Zm2-12a2 2 0 0 1 2 2v2h-1.5V2a.5.5 0 0 0-.5-.5H8V0h2Z\" \/>\n\t\t\t<\/svg>\n\t\t<\/button><figcaption class=\"wp-element-caption\">CAMI H02<\/figcaption><\/figure>\n<\/figure>\n\n\n\n<p><\/p>\n\n\n\n<p>Chaque toile est fournie avec un certificat d\u2019authenticit\u00e9. Tous les bords sont peints et il existe un syst\u00e8me d&rsquo;accrochage au dos de chacune des toiles.<\/p>\n\n\n\n<p>Pour commander une toile,&nbsp;<strong><a href=\"https:\/\/couleurs-cami.com\/index.php\/devis\/\" target=\"_blank\" rel=\"noreferrer noopener\">\u00e9crivez-nous<\/a>&nbsp;sur couleurs.cami@gmail.com<\/strong> en pr\u00e9cisant la r\u00e9f\u00e9rence de la toile (exemple HO2)<\/p>\n","protected":false},"excerpt":{"rendered":"<p>Originalit\u00e9 du format rond, travail judicieux de la composition pour transformer le disque en sph\u00e8re, explosion des couleurs. Ces toiles rondes ont un diam\u00e8tre de 80 cm elles ne n\u00e9cessitent pas d &lsquo;encadrement Chaque toile est fournie avec un certificat d\u2019authenticit\u00e9. Tous les bords sont peints et il existe un syst\u00e8me d&rsquo;accrochage au dos de &hellip; <\/p>\n<p class=\"link-more\"><a href=\"https:\/\/couleurs-cami.com\/index.php\/collection-nantes-2023\/\" class=\"more-link\">Continuer la lecture<span class=\"screen-reader-text\"> de &laquo;&nbsp;Collection TONDO&nbsp;&raquo;<\/span><\/a><\/p>\n","protected":false},"author":1,"featured_media":0,"parent":0,"menu_order":5,"comment_status":"closed","ping_status":"closed","template":"","meta":{"om_disable_all_campaigns":false,"_monsterinsights_skip_tracking":false,"_monsterinsights_sitenote_active":false,"_monsterinsights_sitenote_note":"","_monsterinsights_sitenote_category":0,"footnotes":""},"class_list":["post-1744","page","type-page","status-publish","hentry"],"aioseo_notices":[],"_links":{"self":[{"href":"https:\/\/couleurs-cami.com\/index.php\/wp-json\/wp\/v2\/pages\/1744","targetHints":{"allow":["GET"]}}],"collection":[{"href":"https:\/\/couleurs-cami.com\/index.php\/wp-json\/wp\/v2\/pages"}],"about":[{"href":"https:\/\/couleurs-cami.com\/index.php\/wp-json\/wp\/v2\/types\/page"}],"author":[{"embeddable":true,"href":"https:\/\/couleurs-cami.com\/index.php\/wp-json\/wp\/v2\/users\/1"}],"replies":[{"embeddable":true,"href":"https:\/\/couleurs-cami.com\/index.php\/wp-json\/wp\/v2\/comments?post=1744"}],"version-history":[{"count":41,"href":"https:\/\/couleurs-cami.com\/index.php\/wp-json\/wp\/v2\/pages\/1744\/revisions"}],"predecessor-version":[{"id":3058,"href":"https:\/\/couleurs-cami.com\/index.php\/wp-json\/wp\/v2\/pages\/1744\/revisions\/3058"}],"wp:attachment":[{"href":"https:\/\/couleurs-cami.com\/index.php\/wp-json\/wp\/v2\/media?parent=1744"}],"curies":[{"name":"wp","href":"https:\/\/api.w.org\/{rel}","templated":true}]}}