{"id":1772,"date":"2023-03-24T18:47:17","date_gmt":"2023-03-24T17:47:17","guid":{"rendered":"http:\/\/couleurs-cami.com\/?page_id=1772"},"modified":"2025-01-19T19:20:38","modified_gmt":"2025-01-19T18:20:38","slug":"collection-transparences","status":"publish","type":"page","link":"https:\/\/couleurs-cami.com\/index.php\/collection-transparences\/","title":{"rendered":"Collection TRANSPARENCES"},"content":{"rendered":"\n<p>Toiles rectangulaires &#8211; 92 x 73 cm<\/p>\n\n\n\n<figure class=\"wp-block-gallery has-nested-images columns-1 is-cropped wp-block-gallery-1 is-layout-flex wp-block-gallery-is-layout-flex\">\n<figure data-wp-context=\"{&quot;imageId&quot;:&quot;69e773c941644&quot;}\" data-wp-interactive=\"core\/image\" data-wp-key=\"69e773c941644\" class=\"wp-block-image size-medium wp-lightbox-container\"><img loading=\"lazy\" decoding=\"async\" width=\"476\" height=\"600\" data-wp-class--hide=\"state.isContentHidden\" data-wp-class--show=\"state.isContentVisible\" data-wp-init=\"callbacks.setButtonStyles\" data-wp-on--click=\"actions.showLightbox\" data-wp-on--load=\"callbacks.setButtonStyles\" data-wp-on-window--resize=\"callbacks.setButtonStyles\" data-id=\"1805\" src=\"https:\/\/couleurs-cami.com\/wp-content\/uploads\/CAMI_R72-92X73-WEB-476x600.jpg\" alt=\"\" class=\"wp-image-1805\" srcset=\"https:\/\/couleurs-cami.com\/wp-content\/uploads\/CAMI_R72-92X73-WEB-476x600.jpg 476w, https:\/\/couleurs-cami.com\/wp-content\/uploads\/CAMI_R72-92X73-WEB-635x800.jpg 635w, https:\/\/couleurs-cami.com\/wp-content\/uploads\/CAMI_R72-92X73-WEB-768x967.jpg 768w, https:\/\/couleurs-cami.com\/wp-content\/uploads\/CAMI_R72-92X73-WEB.jpg 813w\" sizes=\"auto, (max-width: 476px) 100vw, 476px\" \/><button\n\t\t\tclass=\"lightbox-trigger\"\n\t\t\ttype=\"button\"\n\t\t\taria-haspopup=\"dialog\"\n\t\t\taria-label=\"Agrandir\"\n\t\t\tdata-wp-init=\"callbacks.initTriggerButton\"\n\t\t\tdata-wp-on--click=\"actions.showLightbox\"\n\t\t\tdata-wp-style--right=\"state.imageButtonRight\"\n\t\t\tdata-wp-style--top=\"state.imageButtonTop\"\n\t\t>\n\t\t\t<svg xmlns=\"http:\/\/www.w3.org\/2000\/svg\" width=\"12\" height=\"12\" fill=\"none\" viewBox=\"0 0 12 12\">\n\t\t\t\t<path fill=\"#fff\" d=\"M2 0a2 2 0 0 0-2 2v2h1.5V2a.5.5 0 0 1 .5-.5h2V0H2Zm2 10.5H2a.5.5 0 0 1-.5-.5V8H0v2a2 2 0 0 0 2 2h2v-1.5ZM8 12v-1.5h2a.5.5 0 0 0 .5-.5V8H12v2a2 2 0 0 1-2 2H8Zm2-12a2 2 0 0 1 2 2v2h-1.5V2a.5.5 0 0 0-.5-.5H8V0h2Z\" \/>\n\t\t\t<\/svg>\n\t\t<\/button><figcaption class=\"wp-element-caption\">CAMI R72 &#8211; 92 x 73 cm<\/figcaption><\/figure>\n\n\n\n<figure class=\"wp-block-image size-medium\"><img loading=\"lazy\" decoding=\"async\" width=\"481\" height=\"600\" data-id=\"1804\" src=\"https:\/\/couleurs-cami.com\/wp-content\/uploads\/CAMI_R70-92X73-WEB-481x600.jpg\" alt=\"\" class=\"wp-image-1804\" srcset=\"https:\/\/couleurs-cami.com\/wp-content\/uploads\/CAMI_R70-92X73-WEB-481x600.jpg 481w, https:\/\/couleurs-cami.com\/wp-content\/uploads\/CAMI_R70-92X73-WEB-641x800.jpg 641w, https:\/\/couleurs-cami.com\/wp-content\/uploads\/CAMI_R70-92X73-WEB-768x958.jpg 768w, https:\/\/couleurs-cami.com\/wp-content\/uploads\/CAMI_R70-92X73-WEB.jpg 821w\" sizes=\"auto, (max-width: 481px) 100vw, 481px\" \/><figcaption class=\"wp-element-caption\">CAMI R70 &#8211; Vendu<\/figcaption><\/figure>\n\n\n\n<figure class=\"wp-block-image size-medium\"><img loading=\"lazy\" decoding=\"async\" width=\"481\" height=\"600\" data-id=\"1806\" src=\"https:\/\/couleurs-cami.com\/wp-content\/uploads\/CAMI_R71-92X73-WEB-481x600.jpg\" alt=\"\" class=\"wp-image-1806\" srcset=\"https:\/\/couleurs-cami.com\/wp-content\/uploads\/CAMI_R71-92X73-WEB-481x600.jpg 481w, https:\/\/couleurs-cami.com\/wp-content\/uploads\/CAMI_R71-92X73-WEB-641x800.jpg 641w, https:\/\/couleurs-cami.com\/wp-content\/uploads\/CAMI_R71-92X73-WEB-768x958.jpg 768w, https:\/\/couleurs-cami.com\/wp-content\/uploads\/CAMI_R71-92X73-WEB.jpg 821w\" sizes=\"auto, (max-width: 481px) 100vw, 481px\" \/><figcaption class=\"wp-element-caption\">CAMI R71 &#8211; Vendu<\/figcaption><\/figure>\n\n\n\n<figure class=\"wp-block-image size-medium\"><img loading=\"lazy\" decoding=\"async\" width=\"476\" height=\"600\" data-id=\"1810\" src=\"https:\/\/couleurs-cami.com\/wp-content\/uploads\/CALI_R73-92X73-WEB-476x600.jpg\" alt=\"\" class=\"wp-image-1810\" srcset=\"https:\/\/couleurs-cami.com\/wp-content\/uploads\/CALI_R73-92X73-WEB-476x600.jpg 476w, https:\/\/couleurs-cami.com\/wp-content\/uploads\/CALI_R73-92X73-WEB-634x800.jpg 634w, https:\/\/couleurs-cami.com\/wp-content\/uploads\/CALI_R73-92X73-WEB-768x969.jpg 768w, https:\/\/couleurs-cami.com\/wp-content\/uploads\/CALI_R73-92X73-WEB.jpg 812w\" sizes=\"auto, (max-width: 476px) 100vw, 476px\" \/><figcaption class=\"wp-element-caption\">CAMI R73 -Vendu<\/figcaption><\/figure>\n\n\n\n<figure class=\"wp-block-image size-medium\"><img loading=\"lazy\" decoding=\"async\" width=\"482\" height=\"600\" data-id=\"1811\" src=\"https:\/\/couleurs-cami.com\/wp-content\/uploads\/CAMI_R74-92X73-WEB-482x600.jpg\" alt=\"\" class=\"wp-image-1811\" srcset=\"https:\/\/couleurs-cami.com\/wp-content\/uploads\/CAMI_R74-92X73-WEB-482x600.jpg 482w, https:\/\/couleurs-cami.com\/wp-content\/uploads\/CAMI_R74-92X73-WEB-642x800.jpg 642w, https:\/\/couleurs-cami.com\/wp-content\/uploads\/CAMI_R74-92X73-WEB-768x957.jpg 768w, https:\/\/couleurs-cami.com\/wp-content\/uploads\/CAMI_R74-92X73-WEB.jpg 822w\" sizes=\"auto, (max-width: 482px) 100vw, 482px\" \/><figcaption class=\"wp-element-caption\">CAMI R74 &#8211; Vendu<\/figcaption><\/figure>\n\n\n\n<figure data-wp-context=\"{&quot;imageId&quot;:&quot;69e773c942077&quot;}\" data-wp-interactive=\"core\/image\" data-wp-key=\"69e773c942077\" class=\"wp-block-image size-large wp-lightbox-container\"><img loading=\"lazy\" decoding=\"async\" width=\"1002\" height=\"800\" data-wp-class--hide=\"state.isContentHidden\" data-wp-class--show=\"state.isContentVisible\" data-wp-init=\"callbacks.setButtonStyles\" data-wp-on--click=\"actions.showLightbox\" data-wp-on--load=\"callbacks.setButtonStyles\" data-wp-on-window--resize=\"callbacks.setButtonStyles\" data-id=\"2815\" src=\"https:\/\/couleurs-cami.com\/wp-content\/uploads\/R75-73X92cm-1002x800.jpg\" alt=\"\" class=\"wp-image-2815\" srcset=\"https:\/\/couleurs-cami.com\/wp-content\/uploads\/R75-73X92cm-1002x800.jpg 1002w, https:\/\/couleurs-cami.com\/wp-content\/uploads\/R75-73X92cm-600x479.jpg 600w, https:\/\/couleurs-cami.com\/wp-content\/uploads\/R75-73X92cm-768x613.jpg 768w, https:\/\/couleurs-cami.com\/wp-content\/uploads\/R75-73X92cm-1536x1226.jpg 1536w, https:\/\/couleurs-cami.com\/wp-content\/uploads\/R75-73X92cm-2048x1635.jpg 2048w\" sizes=\"auto, (max-width: 767px) 89vw, (max-width: 1000px) 54vw, (max-width: 1071px) 543px, 580px\" \/><button\n\t\t\tclass=\"lightbox-trigger\"\n\t\t\ttype=\"button\"\n\t\t\taria-haspopup=\"dialog\"\n\t\t\taria-label=\"Agrandir\"\n\t\t\tdata-wp-init=\"callbacks.initTriggerButton\"\n\t\t\tdata-wp-on--click=\"actions.showLightbox\"\n\t\t\tdata-wp-style--right=\"state.imageButtonRight\"\n\t\t\tdata-wp-style--top=\"state.imageButtonTop\"\n\t\t>\n\t\t\t<svg xmlns=\"http:\/\/www.w3.org\/2000\/svg\" width=\"12\" height=\"12\" fill=\"none\" viewBox=\"0 0 12 12\">\n\t\t\t\t<path fill=\"#fff\" d=\"M2 0a2 2 0 0 0-2 2v2h1.5V2a.5.5 0 0 1 .5-.5h2V0H2Zm2 10.5H2a.5.5 0 0 1-.5-.5V8H0v2a2 2 0 0 0 2 2h2v-1.5ZM8 12v-1.5h2a.5.5 0 0 0 .5-.5V8H12v2a2 2 0 0 1-2 2H8Zm2-12a2 2 0 0 1 2 2v2h-1.5V2a.5.5 0 0 0-.5-.5H8V0h2Z\" \/>\n\t\t\t<\/svg>\n\t\t<\/button><figcaption class=\"wp-element-caption\">CAMI R75 &#8211; 92 x 73 cm<\/figcaption><\/figure>\n\n\n\n<figure class=\"wp-block-image size-medium\"><img loading=\"lazy\" decoding=\"async\" width=\"508\" height=\"600\" data-id=\"1857\" src=\"https:\/\/couleurs-cami.com\/wp-content\/uploads\/CAMI_R65_92X73-WEB-508x600.jpg\" alt=\"\" class=\"wp-image-1857\" srcset=\"https:\/\/couleurs-cami.com\/wp-content\/uploads\/CAMI_R65_92X73-WEB-508x600.jpg 508w, https:\/\/couleurs-cami.com\/wp-content\/uploads\/CAMI_R65_92X73-WEB-677x800.jpg 677w, https:\/\/couleurs-cami.com\/wp-content\/uploads\/CAMI_R65_92X73-WEB-768x907.jpg 768w, https:\/\/couleurs-cami.com\/wp-content\/uploads\/CAMI_R65_92X73-WEB.jpg 867w\" sizes=\"auto, (max-width: 508px) 100vw, 508px\" \/><figcaption class=\"wp-element-caption\">CAMI R65 &#8211; Vendu<\/figcaption><\/figure>\n\n\n\n<figure class=\"wp-block-image size-medium\"><img loading=\"lazy\" decoding=\"async\" width=\"487\" height=\"600\" data-id=\"1855\" src=\"https:\/\/couleurs-cami.com\/wp-content\/uploads\/CAMI_R66_92X73-WEB-487x600.jpg\" alt=\"\" class=\"wp-image-1855\" srcset=\"https:\/\/couleurs-cami.com\/wp-content\/uploads\/CAMI_R66_92X73-WEB-487x600.jpg 487w, https:\/\/couleurs-cami.com\/wp-content\/uploads\/CAMI_R66_92X73-WEB-649x800.jpg 649w, https:\/\/couleurs-cami.com\/wp-content\/uploads\/CAMI_R66_92X73-WEB-768x946.jpg 768w, https:\/\/couleurs-cami.com\/wp-content\/uploads\/CAMI_R66_92X73-WEB.jpg 831w\" sizes=\"auto, (max-width: 487px) 100vw, 487px\" \/><figcaption class=\"wp-element-caption\">CAMI R66 &#8211; Vendu<\/figcaption><\/figure>\n\n\n\n<figure data-wp-context=\"{&quot;imageId&quot;:&quot;69e773c942547&quot;}\" data-wp-interactive=\"core\/image\" data-wp-key=\"69e773c942547\" class=\"wp-block-image size-large wp-lightbox-container\"><img loading=\"lazy\" decoding=\"async\" width=\"641\" height=\"800\" data-wp-class--hide=\"state.isContentHidden\" data-wp-class--show=\"state.isContentVisible\" data-wp-init=\"callbacks.setButtonStyles\" data-wp-on--click=\"actions.showLightbox\" data-wp-on--load=\"callbacks.setButtonStyles\" data-wp-on-window--resize=\"callbacks.setButtonStyles\" data-id=\"2143\" src=\"https:\/\/couleurs-cami.com\/wp-content\/uploads\/CAMI_R76-641x800.jpg\" alt=\"\" class=\"wp-image-2143\" srcset=\"https:\/\/couleurs-cami.com\/wp-content\/uploads\/CAMI_R76-641x800.jpg 641w, https:\/\/couleurs-cami.com\/wp-content\/uploads\/CAMI_R76-480x600.jpg 480w, https:\/\/couleurs-cami.com\/wp-content\/uploads\/CAMI_R76-768x959.jpg 768w, https:\/\/couleurs-cami.com\/wp-content\/uploads\/CAMI_R76-1230x1536.jpg 1230w, https:\/\/couleurs-cami.com\/wp-content\/uploads\/CAMI_R76-1640x2048.jpg 1640w\" sizes=\"auto, (max-width: 641px) 100vw, 641px\" \/><button\n\t\t\tclass=\"lightbox-trigger\"\n\t\t\ttype=\"button\"\n\t\t\taria-haspopup=\"dialog\"\n\t\t\taria-label=\"Agrandir\"\n\t\t\tdata-wp-init=\"callbacks.initTriggerButton\"\n\t\t\tdata-wp-on--click=\"actions.showLightbox\"\n\t\t\tdata-wp-style--right=\"state.imageButtonRight\"\n\t\t\tdata-wp-style--top=\"state.imageButtonTop\"\n\t\t>\n\t\t\t<svg xmlns=\"http:\/\/www.w3.org\/2000\/svg\" width=\"12\" height=\"12\" fill=\"none\" viewBox=\"0 0 12 12\">\n\t\t\t\t<path fill=\"#fff\" d=\"M2 0a2 2 0 0 0-2 2v2h1.5V2a.5.5 0 0 1 .5-.5h2V0H2Zm2 10.5H2a.5.5 0 0 1-.5-.5V8H0v2a2 2 0 0 0 2 2h2v-1.5ZM8 12v-1.5h2a.5.5 0 0 0 .5-.5V8H12v2a2 2 0 0 1-2 2H8Zm2-12a2 2 0 0 1 2 2v2h-1.5V2a.5.5 0 0 0-.5-.5H8V0h2Z\" \/>\n\t\t\t<\/svg>\n\t\t<\/button><figcaption class=\"wp-element-caption\">CAMI R76 &#8211; 92 x 73 cm<\/figcaption><\/figure>\n<figcaption class=\"blocks-gallery-caption wp-element-caption\">TRANSPARENCES<\/figcaption><\/figure>\n\n\n\n<p>Chaque toile est fournie  avec un certificat d\u2019authenticit\u00e9. Tous les bords sont peints et il existe un syst\u00e8me d&rsquo;accrochage au dos de chacune des toiles.<\/p>\n\n\n\n<p>Pour commander une toile,&nbsp;<strong><a href=\"https:\/\/couleurs-cami.com\/index.php\/devis\/\" target=\"_blank\" rel=\"noreferrer noopener\">\u00e9crivez-nous<\/a>&nbsp;sur couleurs.cami@gmail.com<\/strong> en pr\u00e9cisant la r\u00e9f\u00e9rence de la toile (exemple R76).<\/p>\n","protected":false},"excerpt":{"rendered":"<p>Toiles rectangulaires &#8211; 92 x 73 cm Chaque toile est fournie avec un certificat d\u2019authenticit\u00e9. Tous les bords sont peints et il existe un syst\u00e8me d&rsquo;accrochage au dos de chacune des toiles. Pour commander une toile,&nbsp;\u00e9crivez-nous&nbsp;sur couleurs.cami@gmail.com en pr\u00e9cisant la r\u00e9f\u00e9rence de la toile (exemple R76).<\/p>\n","protected":false},"author":1,"featured_media":0,"parent":0,"menu_order":3,"comment_status":"closed","ping_status":"closed","template":"","meta":{"om_disable_all_campaigns":false,"_monsterinsights_skip_tracking":false,"_monsterinsights_sitenote_active":false,"_monsterinsights_sitenote_note":"","_monsterinsights_sitenote_category":0,"footnotes":""},"class_list":["post-1772","page","type-page","status-publish","hentry"],"aioseo_notices":[],"_links":{"self":[{"href":"https:\/\/couleurs-cami.com\/index.php\/wp-json\/wp\/v2\/pages\/1772","targetHints":{"allow":["GET"]}}],"collection":[{"href":"https:\/\/couleurs-cami.com\/index.php\/wp-json\/wp\/v2\/pages"}],"about":[{"href":"https:\/\/couleurs-cami.com\/index.php\/wp-json\/wp\/v2\/types\/page"}],"author":[{"embeddable":true,"href":"https:\/\/couleurs-cami.com\/index.php\/wp-json\/wp\/v2\/users\/1"}],"replies":[{"embeddable":true,"href":"https:\/\/couleurs-cami.com\/index.php\/wp-json\/wp\/v2\/comments?post=1772"}],"version-history":[{"count":29,"href":"https:\/\/couleurs-cami.com\/index.php\/wp-json\/wp\/v2\/pages\/1772\/revisions"}],"predecessor-version":[{"id":2817,"href":"https:\/\/couleurs-cami.com\/index.php\/wp-json\/wp\/v2\/pages\/1772\/revisions\/2817"}],"wp:attachment":[{"href":"https:\/\/couleurs-cami.com\/index.php\/wp-json\/wp\/v2\/media?parent=1772"}],"curies":[{"name":"wp","href":"https:\/\/api.w.org\/{rel}","templated":true}]}}