{"id":2202,"date":"2023-11-01T09:36:22","date_gmt":"2023-11-01T08:36:22","guid":{"rendered":"https:\/\/couleurs-cami.com\/?page_id=2202"},"modified":"2024-03-06T11:28:37","modified_gmt":"2024-03-06T10:28:37","slug":"mentions-legales","status":"publish","type":"page","link":"https:\/\/couleurs-cami.com\/index.php\/mentions-legales\/","title":{"rendered":"Mentions l\u00e9gales"},"content":{"rendered":"\n<ul class=\"wp-block-list\">\n<li><strong>INFORMATIONS<\/strong><\/li>\n<\/ul>\n\n\n\n<p>Le site couleurs-cami.com est \u00e9dit\u00e9 par COULEURS CAMI SAS \u2013 RCS 948 748 470<\/p>\n\n\n\n<p>info@couleurs-cami.com<\/p>\n\n\n\n<ul class=\"wp-block-list\">\n<li><strong>HEBERGEMENT<\/strong><\/li>\n<\/ul>\n\n\n\n<p>Le site couleurs-cami.com fonctionne et est h\u00e9berg\u00e9 par l&rsquo;interm\u00e9diaire de la soci\u00e9t\u00e9 OVH SAS, 2 rue Kellermann &#8211; 59100 Roubaix &#8211; France<\/p>\n\n\n\n<ul class=\"wp-block-list\">\n<li><strong>DONNEES  PERSONNELLES<\/strong><\/li>\n<\/ul>\n\n\n\n<p>D&rsquo;une fa\u00e7on g\u00e9n\u00e9rale, vous pouvez visiter notre site sur Internet sans avoir \u00e0 d\u00e9cliner votre identit\u00e9 et \u00e0 fournir des informations personnelles vous concernant. Cependant, nous pouvons parfois vous demander des informations. Par exemple, pour \u00e9tablir un devis, traiter une commande, \u00e9tablir une correspondance. Nous pouvons compl\u00e9ter ces informations pour conclure une transaction ou offrir un meilleur service.<\/p>\n\n\n\n<ul class=\"wp-block-list\">\n<li><strong>DROITS D&rsquo;AUTEUR<\/strong><\/li>\n<\/ul>\n\n\n\n<p>Tous les textes, logo, oeuvres, photos et images pr\u00e9sents sur ce site sont la propri\u00e9t\u00e9 de COULEURS CAMI SAS et des auteurs, et ne sont pas libres de droits. La totalit\u00e9 du site est prot\u00e9g\u00e9e par des droits d&rsquo;auteur.<\/p>\n\n\n\n<p>EXTRAITS DU CODE DE LA PROPRI\u00c9T\u00c9 INTELLECTUELLE<\/p>\n\n\n\n<p>Article L111-1&nbsp;L\u2019auteur d\u2019une \u0153uvre de l\u2019esprit jouit sur cette \u0153uvre, du seul fait de sa cr\u00e9ation, d\u2019 un droit de propri\u00e9t\u00e9 incorporelle exclusif et opposable \u00e0 tous.<\/p>\n\n\n\n<p>Article L335-2&nbsp;Toute \u00e9dition d\u2019\u00e9crit, de composition musicale, de dessin, de peinture ou de toute autre production, imprim\u00e9e ou grav\u00e9e en entier ou en partie, au m\u00e9pris des lois et r\u00e8glements relatifs \u00e0 la propri\u00e9t\u00e9 des auteurs, est une contrefa\u00e7on ; et toute contrefa\u00e7on est un d\u00e9lit.<\/p>\n\n\n\n<p>La contrefa\u00e7on en France, d\u2019 ouvrages publi\u00e9s en France ou \u00e0 l\u2019\u00e9tranger est punie (Loi N\u00b0 94-102 du 5 f\u00e9vrier 1994) de deux ans d\u2019emprisonnement et de 1 000 000 F d\u2019 amende (152 449 \u20ac).<\/p>\n\n\n\n<p>Article L122-5&nbsp;Lorsque l\u2019 \u0153uvre a \u00e9t\u00e9 divulgu\u00e9e, l\u2019auteur ne peut interdire : les copies ou reproductions strictement r\u00e9serv\u00e9es \u00e0 l\u2019 usage priv\u00e9 du copiste et non destin\u00e9es \u00e0 une utilisation collective, pour les familles, \u00e0 l\u2019exception des copies des \u0153uvres d\u2019art destin\u00e9es \u00e0 \u00eatre utilis\u00e9es pour des fins identiques \u00e0 celles pour lesquelles l\u2019\u0153uvre originale a \u00e9t\u00e9 cr\u00e9\u00e9e (Loi n\u00b0 94-361 du 10 mai 1999).<\/p>\n\n\n\n<p>Article L335-3&nbsp;Est \u00e9galement un d\u00e9lit de contrefa\u00e7on toute reproduction, repr\u00e9sentation ou diffusion, par quelque moyen que ce soit, d\u2019 une \u0153uvre de l\u2019 esprit en violation des droits d\u2019auteur, tels qu\u2019 ils sont d\u00e9finis et r\u00e9glement\u00e9s par la loi.&nbsp;<\/p>\n\n\n\n<p>Article L112-1&nbsp;Les dispositions du pr\u00e9sent code prot\u00e8gent les droits des auteurs sur toutes les \u0153uvres de l\u2019esprit, quels qu\u2019en soient le genre, la forme d\u2019expression, le m\u00e9rite ou la destination.<\/p>\n\n\n\n<p>Article L112-2<\/p>\n\n\n\n<p>Sont consid\u00e9r\u00e9s notamment comme \u0153uvres de l\u2019esprit au sens du pr\u00e9sent code :<br>1\u00b0 Les livres, brochures et autres \u00e9crits litt\u00e9raires, artistiques et scientifiques &#8230;<br>7\u00b0 Les \u0153uvres de dessin, de peinture, d\u2019 architecture, de sculpture, ce gravure, de lithographie ;<br>8\u00b0 Les \u0153uvres Graphiques et typographiques<br>9\u00b0 Les \u0153uvres photographiques et celles r\u00e9alis\u00e9es \u00e0 l\u2019 aide de techniques analogues \u00e0 la photographie ;<br>10\u00b0 Les \u0153uvres des arts appliqu\u00e9s &#8230;<\/p>\n\n\n\n<p>Article L122-1&nbsp;Le droit d\u2019exploitation appartenant \u00e0 l\u2019auteur comprend le droit de repr\u00e9sentation et le droit de reproduction<\/p>\n\n\n\n<p>Article L122-3\u00a0La reproduction consiste dans la fixation mat\u00e9rielle de l\u2019 \u0153uvre par tous proc\u00e9d\u00e9s qui permettent de la communiquer au public d\u2019une mani\u00e8re indirecte.\u00a0Elle peut s\u2019effectuer notamment par imprimerie, dessin, gravure, photographie, moulage et tout proc\u00e9d\u00e9 des arts graphiques et plastiques, enregistrement m\u00e9canique, cin\u00e9matographique ou magn\u00e9tique.<\/p>\n","protected":false},"excerpt":{"rendered":"<p>Le site couleurs-cami.com est \u00e9dit\u00e9 par COULEURS CAMI SAS \u2013 RCS 948 748 470 info@couleurs-cami.com Le site couleurs-cami.com fonctionne et est h\u00e9berg\u00e9 par l&rsquo;interm\u00e9diaire de la soci\u00e9t\u00e9 OVH SAS, 2 rue Kellermann &#8211; 59100 Roubaix &#8211; France D&rsquo;une fa\u00e7on g\u00e9n\u00e9rale, vous pouvez visiter notre site sur Internet sans avoir \u00e0 d\u00e9cliner votre identit\u00e9 et \u00e0 &hellip; <\/p>\n<p class=\"link-more\"><a href=\"https:\/\/couleurs-cami.com\/index.php\/mentions-legales\/\" class=\"more-link\">Continuer la lecture<span class=\"screen-reader-text\"> de &laquo;&nbsp;Mentions l\u00e9gales&nbsp;&raquo;<\/span><\/a><\/p>\n","protected":false},"author":1,"featured_media":0,"parent":0,"menu_order":0,"comment_status":"closed","ping_status":"closed","template":"","meta":{"om_disable_all_campaigns":false,"_monsterinsights_skip_tracking":false,"_monsterinsights_sitenote_active":false,"_monsterinsights_sitenote_note":"","_monsterinsights_sitenote_category":0,"footnotes":""},"class_list":["post-2202","page","type-page","status-publish","hentry"],"aioseo_notices":[],"_links":{"self":[{"href":"https:\/\/couleurs-cami.com\/index.php\/wp-json\/wp\/v2\/pages\/2202","targetHints":{"allow":["GET"]}}],"collection":[{"href":"https:\/\/couleurs-cami.com\/index.php\/wp-json\/wp\/v2\/pages"}],"about":[{"href":"https:\/\/couleurs-cami.com\/index.php\/wp-json\/wp\/v2\/types\/page"}],"author":[{"embeddable":true,"href":"https:\/\/couleurs-cami.com\/index.php\/wp-json\/wp\/v2\/users\/1"}],"replies":[{"embeddable":true,"href":"https:\/\/couleurs-cami.com\/index.php\/wp-json\/wp\/v2\/comments?post=2202"}],"version-history":[{"count":12,"href":"https:\/\/couleurs-cami.com\/index.php\/wp-json\/wp\/v2\/pages\/2202\/revisions"}],"predecessor-version":[{"id":2578,"href":"https:\/\/couleurs-cami.com\/index.php\/wp-json\/wp\/v2\/pages\/2202\/revisions\/2578"}],"wp:attachment":[{"href":"https:\/\/couleurs-cami.com\/index.php\/wp-json\/wp\/v2\/media?parent=2202"}],"curies":[{"name":"wp","href":"https:\/\/api.w.org\/{rel}","templated":true}]}}