{"id":2471,"date":"2024-02-18T19:41:21","date_gmt":"2024-02-18T18:41:21","guid":{"rendered":"https:\/\/couleurs-cami.com\/?page_id=2471"},"modified":"2025-10-21T17:39:53","modified_gmt":"2025-10-21T15:39:53","slug":"collection-2024","status":"publish","type":"page","link":"https:\/\/couleurs-cami.com\/index.php\/collection-2024\/","title":{"rendered":"INSPIRATIONS 2024"},"content":{"rendered":"\n<p>Tableaux de moyen format rectangulaire ou carr\u00e9 <\/p>\n\n\n\n<div class=\"wp-block-columns is-layout-flex wp-container-core-columns-is-layout-9d6595d7 wp-block-columns-is-layout-flex\">\n<div class=\"wp-block-column is-layout-flow wp-block-column-is-layout-flow\" style=\"flex-basis:100%\">\n<figure class=\"wp-block-gallery has-nested-images columns-1 is-cropped wp-block-gallery-1 is-layout-flex wp-block-gallery-is-layout-flex\">\n<figure data-wp-context=\"{&quot;imageId&quot;:&quot;69ec96bbe2677&quot;}\" data-wp-interactive=\"core\/image\" data-wp-key=\"69ec96bbe2677\" class=\"wp-block-image size-large wp-lightbox-container\"><img loading=\"lazy\" decoding=\"async\" width=\"628\" height=\"480\" data-wp-class--hide=\"state.isContentHidden\" data-wp-class--show=\"state.isContentVisible\" data-wp-init=\"callbacks.setButtonStyles\" data-wp-on--click=\"actions.showLightbox\" data-wp-on--load=\"callbacks.setButtonStyles\" data-wp-on-window--resize=\"callbacks.setButtonStyles\" data-id=\"2764\" src=\"https:\/\/couleurs-cami.com\/wp-content\/uploads\/CAMI_R89-50X65.png\" alt=\"\" class=\"wp-image-2764\" srcset=\"https:\/\/couleurs-cami.com\/wp-content\/uploads\/CAMI_R89-50X65.png 628w, https:\/\/couleurs-cami.com\/wp-content\/uploads\/CAMI_R89-50X65-600x459.png 600w\" sizes=\"auto, (max-width: 628px) 100vw, 628px\" \/><button\n\t\t\tclass=\"lightbox-trigger\"\n\t\t\ttype=\"button\"\n\t\t\taria-haspopup=\"dialog\"\n\t\t\taria-label=\"Agrandir\"\n\t\t\tdata-wp-init=\"callbacks.initTriggerButton\"\n\t\t\tdata-wp-on--click=\"actions.showLightbox\"\n\t\t\tdata-wp-style--right=\"state.imageButtonRight\"\n\t\t\tdata-wp-style--top=\"state.imageButtonTop\"\n\t\t>\n\t\t\t<svg xmlns=\"http:\/\/www.w3.org\/2000\/svg\" width=\"12\" height=\"12\" fill=\"none\" viewBox=\"0 0 12 12\">\n\t\t\t\t<path fill=\"#fff\" d=\"M2 0a2 2 0 0 0-2 2v2h1.5V2a.5.5 0 0 1 .5-.5h2V0H2Zm2 10.5H2a.5.5 0 0 1-.5-.5V8H0v2a2 2 0 0 0 2 2h2v-1.5ZM8 12v-1.5h2a.5.5 0 0 0 .5-.5V8H12v2a2 2 0 0 1-2 2H8Zm2-12a2 2 0 0 1 2 2v2h-1.5V2a.5.5 0 0 0-.5-.5H8V0h2Z\" \/>\n\t\t\t<\/svg>\n\t\t<\/button><figcaption class=\"wp-element-caption\">CAMI R89 &#8211; 50 x 65 cm <\/figcaption><\/figure>\n\n\n\n<figure class=\"wp-block-image size-large\"><img loading=\"lazy\" decoding=\"async\" width=\"1024\" height=\"746\" data-id=\"2477\" src=\"https:\/\/couleurs-cami.com\/wp-content\/uploads\/CAMI_R79-73x100-1-1024x746.jpg\" alt=\"\" class=\"wp-image-2477\" srcset=\"https:\/\/couleurs-cami.com\/wp-content\/uploads\/CAMI_R79-73x100-1-1024x746.jpg 1024w, https:\/\/couleurs-cami.com\/wp-content\/uploads\/CAMI_R79-73x100-1-600x437.jpg 600w, https:\/\/couleurs-cami.com\/wp-content\/uploads\/CAMI_R79-73x100-1-768x560.jpg 768w, https:\/\/couleurs-cami.com\/wp-content\/uploads\/CAMI_R79-73x100-1-1536x1119.jpg 1536w, https:\/\/couleurs-cami.com\/wp-content\/uploads\/CAMI_R79-73x100-1-2048x1493.jpg 2048w\" sizes=\"auto, (max-width: 767px) 89vw, (max-width: 1000px) 54vw, (max-width: 1071px) 543px, 580px\" \/><figcaption class=\"wp-element-caption\">CAMI R79 &#8211; Vendu<\/figcaption><\/figure>\n<\/figure>\n\n\n\n<p>Tableaux au format carr\u00e9<\/p>\n<\/div>\n<\/div>\n\n\n\n<figure class=\"wp-block-gallery has-nested-images columns-1 is-cropped wp-block-gallery-2 is-layout-flex wp-block-gallery-is-layout-flex\">\n<figure data-wp-context=\"{&quot;imageId&quot;:&quot;69ec96bbe322a&quot;}\" data-wp-interactive=\"core\/image\" data-wp-key=\"69ec96bbe322a\" class=\"wp-block-image size-large wp-lightbox-container\"><img loading=\"lazy\" decoding=\"async\" width=\"801\" height=\"800\" data-wp-class--hide=\"state.isContentHidden\" data-wp-class--show=\"state.isContentVisible\" data-wp-init=\"callbacks.setButtonStyles\" data-wp-on--click=\"actions.showLightbox\" data-wp-on--load=\"callbacks.setButtonStyles\" data-wp-on-window--resize=\"callbacks.setButtonStyles\" data-id=\"2455\" src=\"https:\/\/couleurs-cami.com\/wp-content\/uploads\/IMG_2782-801x800.jpg\" alt=\"\" class=\"wp-image-2455\" srcset=\"https:\/\/couleurs-cami.com\/wp-content\/uploads\/IMG_2782-801x800.jpg 801w, https:\/\/couleurs-cami.com\/wp-content\/uploads\/IMG_2782-600x600.jpg 600w, https:\/\/couleurs-cami.com\/wp-content\/uploads\/IMG_2782-300x300.jpg 300w, https:\/\/couleurs-cami.com\/wp-content\/uploads\/IMG_2782-768x767.jpg 768w, https:\/\/couleurs-cami.com\/wp-content\/uploads\/IMG_2782-1536x1534.jpg 1536w, https:\/\/couleurs-cami.com\/wp-content\/uploads\/IMG_2782-2048x2045.jpg 2048w, https:\/\/couleurs-cami.com\/wp-content\/uploads\/IMG_2782-100x100.jpg 100w\" sizes=\"auto, (max-width: 767px) 89vw, (max-width: 1000px) 54vw, (max-width: 1071px) 543px, 580px\" \/><button\n\t\t\tclass=\"lightbox-trigger\"\n\t\t\ttype=\"button\"\n\t\t\taria-haspopup=\"dialog\"\n\t\t\taria-label=\"Agrandir\"\n\t\t\tdata-wp-init=\"callbacks.initTriggerButton\"\n\t\t\tdata-wp-on--click=\"actions.showLightbox\"\n\t\t\tdata-wp-style--right=\"state.imageButtonRight\"\n\t\t\tdata-wp-style--top=\"state.imageButtonTop\"\n\t\t>\n\t\t\t<svg xmlns=\"http:\/\/www.w3.org\/2000\/svg\" width=\"12\" height=\"12\" fill=\"none\" viewBox=\"0 0 12 12\">\n\t\t\t\t<path fill=\"#fff\" d=\"M2 0a2 2 0 0 0-2 2v2h1.5V2a.5.5 0 0 1 .5-.5h2V0H2Zm2 10.5H2a.5.5 0 0 1-.5-.5V8H0v2a2 2 0 0 0 2 2h2v-1.5ZM8 12v-1.5h2a.5.5 0 0 0 .5-.5V8H12v2a2 2 0 0 1-2 2H8Zm2-12a2 2 0 0 1 2 2v2h-1.5V2a.5.5 0 0 0-.5-.5H8V0h2Z\" \/>\n\t\t\t<\/svg>\n\t\t<\/button><figcaption class=\"wp-element-caption\">CAMI C48 &#8211; 60 x 60 cm fa\u00e7on De Sta\u00ebl<\/figcaption><\/figure>\n\n\n\n<figure data-wp-context=\"{&quot;imageId&quot;:&quot;69ec96bbe3653&quot;}\" data-wp-interactive=\"core\/image\" data-wp-key=\"69ec96bbe3653\" class=\"wp-block-image size-large wp-lightbox-container\"><img loading=\"lazy\" decoding=\"async\" width=\"800\" height=\"800\" data-wp-class--hide=\"state.isContentHidden\" data-wp-class--show=\"state.isContentVisible\" data-wp-init=\"callbacks.setButtonStyles\" data-wp-on--click=\"actions.showLightbox\" data-wp-on--load=\"callbacks.setButtonStyles\" data-wp-on-window--resize=\"callbacks.setButtonStyles\" data-id=\"2476\" src=\"https:\/\/couleurs-cami.com\/wp-content\/uploads\/CAMI_C49-60x60-1-800x800.jpg\" alt=\"\" class=\"wp-image-2476\" srcset=\"https:\/\/couleurs-cami.com\/wp-content\/uploads\/CAMI_C49-60x60-1-800x800.jpg 800w, https:\/\/couleurs-cami.com\/wp-content\/uploads\/CAMI_C49-60x60-1-600x600.jpg 600w, https:\/\/couleurs-cami.com\/wp-content\/uploads\/CAMI_C49-60x60-1-300x300.jpg 300w, https:\/\/couleurs-cami.com\/wp-content\/uploads\/CAMI_C49-60x60-1-768x768.jpg 768w, https:\/\/couleurs-cami.com\/wp-content\/uploads\/CAMI_C49-60x60-1-1536x1536.jpg 1536w, https:\/\/couleurs-cami.com\/wp-content\/uploads\/CAMI_C49-60x60-1-2048x2048.jpg 2048w, https:\/\/couleurs-cami.com\/wp-content\/uploads\/CAMI_C49-60x60-1-100x100.jpg 100w\" sizes=\"auto, (max-width: 767px) 89vw, (max-width: 1000px) 54vw, (max-width: 1071px) 543px, 580px\" \/><button\n\t\t\tclass=\"lightbox-trigger\"\n\t\t\ttype=\"button\"\n\t\t\taria-haspopup=\"dialog\"\n\t\t\taria-label=\"Agrandir\"\n\t\t\tdata-wp-init=\"callbacks.initTriggerButton\"\n\t\t\tdata-wp-on--click=\"actions.showLightbox\"\n\t\t\tdata-wp-style--right=\"state.imageButtonRight\"\n\t\t\tdata-wp-style--top=\"state.imageButtonTop\"\n\t\t>\n\t\t\t<svg xmlns=\"http:\/\/www.w3.org\/2000\/svg\" width=\"12\" height=\"12\" fill=\"none\" viewBox=\"0 0 12 12\">\n\t\t\t\t<path fill=\"#fff\" d=\"M2 0a2 2 0 0 0-2 2v2h1.5V2a.5.5 0 0 1 .5-.5h2V0H2Zm2 10.5H2a.5.5 0 0 1-.5-.5V8H0v2a2 2 0 0 0 2 2h2v-1.5ZM8 12v-1.5h2a.5.5 0 0 0 .5-.5V8H12v2a2 2 0 0 1-2 2H8Zm2-12a2 2 0 0 1 2 2v2h-1.5V2a.5.5 0 0 0-.5-.5H8V0h2Z\" \/>\n\t\t\t<\/svg>\n\t\t<\/button><figcaption class=\"wp-element-caption\">CAMI C49 &#8211; 60 x 60 cm the Fighters<\/figcaption><\/figure>\n\n\n\n<figure data-wp-context=\"{&quot;imageId&quot;:&quot;69ec96bbe3a7b&quot;}\" data-wp-interactive=\"core\/image\" data-wp-key=\"69ec96bbe3a7b\" class=\"wp-block-image size-large wp-lightbox-container\"><img loading=\"lazy\" decoding=\"async\" width=\"821\" height=\"800\" data-wp-class--hide=\"state.isContentHidden\" data-wp-class--show=\"state.isContentVisible\" data-wp-init=\"callbacks.setButtonStyles\" data-wp-on--click=\"actions.showLightbox\" data-wp-on--load=\"callbacks.setButtonStyles\" data-wp-on-window--resize=\"callbacks.setButtonStyles\" data-id=\"2482\" src=\"https:\/\/couleurs-cami.com\/wp-content\/uploads\/CAMI_C51-60X60-821x800.jpg\" alt=\"\" class=\"wp-image-2482\" srcset=\"https:\/\/couleurs-cami.com\/wp-content\/uploads\/CAMI_C51-60X60-821x800.jpg 821w, https:\/\/couleurs-cami.com\/wp-content\/uploads\/CAMI_C51-60X60-600x585.jpg 600w, https:\/\/couleurs-cami.com\/wp-content\/uploads\/CAMI_C51-60X60-768x749.jpg 768w, https:\/\/couleurs-cami.com\/wp-content\/uploads\/CAMI_C51-60X60-1536x1497.jpg 1536w, https:\/\/couleurs-cami.com\/wp-content\/uploads\/CAMI_C51-60X60.jpg 2019w\" sizes=\"auto, (max-width: 767px) 89vw, (max-width: 1000px) 54vw, (max-width: 1071px) 543px, 580px\" \/><button\n\t\t\tclass=\"lightbox-trigger\"\n\t\t\ttype=\"button\"\n\t\t\taria-haspopup=\"dialog\"\n\t\t\taria-label=\"Agrandir\"\n\t\t\tdata-wp-init=\"callbacks.initTriggerButton\"\n\t\t\tdata-wp-on--click=\"actions.showLightbox\"\n\t\t\tdata-wp-style--right=\"state.imageButtonRight\"\n\t\t\tdata-wp-style--top=\"state.imageButtonTop\"\n\t\t>\n\t\t\t<svg xmlns=\"http:\/\/www.w3.org\/2000\/svg\" width=\"12\" height=\"12\" fill=\"none\" viewBox=\"0 0 12 12\">\n\t\t\t\t<path fill=\"#fff\" d=\"M2 0a2 2 0 0 0-2 2v2h1.5V2a.5.5 0 0 1 .5-.5h2V0H2Zm2 10.5H2a.5.5 0 0 1-.5-.5V8H0v2a2 2 0 0 0 2 2h2v-1.5ZM8 12v-1.5h2a.5.5 0 0 0 .5-.5V8H12v2a2 2 0 0 1-2 2H8Zm2-12a2 2 0 0 1 2 2v2h-1.5V2a.5.5 0 0 0-.5-.5H8V0h2Z\" \/>\n\t\t\t<\/svg>\n\t\t<\/button><figcaption class=\"wp-element-caption\">CAMI C51 &#8211; 60 x 60 cm fa\u00e7on Monet <\/figcaption><\/figure>\n\n\n\n<figure class=\"wp-block-image size-large\"><img loading=\"lazy\" decoding=\"async\" width=\"784\" height=\"800\" data-id=\"2474\" src=\"https:\/\/couleurs-cami.com\/wp-content\/uploads\/IMG_2929-784x800.jpg\" alt=\"C50 Vendu\" class=\"wp-image-2474\" srcset=\"https:\/\/couleurs-cami.com\/wp-content\/uploads\/IMG_2929-784x800.jpg 784w, https:\/\/couleurs-cami.com\/wp-content\/uploads\/IMG_2929-588x600.jpg 588w, https:\/\/couleurs-cami.com\/wp-content\/uploads\/IMG_2929-768x784.jpg 768w, https:\/\/couleurs-cami.com\/wp-content\/uploads\/IMG_2929-1505x1536.jpg 1505w, https:\/\/couleurs-cami.com\/wp-content\/uploads\/IMG_2929-2006x2048.jpg 2006w\" sizes=\"auto, (max-width: 767px) 89vw, (max-width: 1000px) 54vw, (max-width: 1071px) 543px, 580px\" \/><figcaption class=\"wp-element-caption\">CAMI C50 &#8211; Vendu<\/figcaption><\/figure>\n<\/figure>\n\n\n\n<figure class=\"wp-block-image size-full is-resized\"><img loading=\"lazy\" decoding=\"async\" width=\"500\" height=\"500\" src=\"https:\/\/couleurs-cami.com\/wp-content\/uploads\/GAL_BLEU-PALMIER.jpeg\" alt=\"\" class=\"wp-image-2323\" style=\"width:674px;height:auto\" srcset=\"https:\/\/couleurs-cami.com\/wp-content\/uploads\/GAL_BLEU-PALMIER.jpeg 500w, https:\/\/couleurs-cami.com\/wp-content\/uploads\/GAL_BLEU-PALMIER-300x300.jpeg 300w, https:\/\/couleurs-cami.com\/wp-content\/uploads\/GAL_BLEU-PALMIER-100x100.jpeg 100w\" sizes=\"auto, (max-width: 500px) 100vw, 500px\" \/><figcaption class=\"wp-element-caption\">R    89x116cm PALMIERS<\/figcaption><\/figure>\n\n\n\n<figure class=\"wp-block-image size-large\"><img loading=\"lazy\" decoding=\"async\" width=\"810\" height=\"800\" src=\"https:\/\/couleurs-cami.com\/wp-content\/uploads\/IMG_7406-2-810x800.jpg\" alt=\"\" class=\"wp-image-1663\" srcset=\"https:\/\/couleurs-cami.com\/wp-content\/uploads\/IMG_7406-2-810x800.jpg 810w, https:\/\/couleurs-cami.com\/wp-content\/uploads\/IMG_7406-2-600x593.jpg 600w, https:\/\/couleurs-cami.com\/wp-content\/uploads\/IMG_7406-2-768x758.jpg 768w, https:\/\/couleurs-cami.com\/wp-content\/uploads\/IMG_7406-2-1536x1517.jpg 1536w, https:\/\/couleurs-cami.com\/wp-content\/uploads\/IMG_7406-2-2048x2023.jpg 2048w, https:\/\/couleurs-cami.com\/wp-content\/uploads\/IMG_7406-2-100x100.jpg 100w\" sizes=\"auto, (max-width: 767px) 89vw, (max-width: 1000px) 54vw, (max-width: 1071px) 543px, 580px\" \/><figcaption class=\"wp-element-caption\">C43 &#8211; 80 x 80 cm<\/figcaption><\/figure>\n\n\n\n<figure class=\"wp-block-image size-large\"><img loading=\"lazy\" decoding=\"async\" width=\"1003\" height=\"800\" src=\"https:\/\/couleurs-cami.com\/wp-content\/uploads\/R47-73X92cm-1003x800.jpg\" alt=\"\" class=\"wp-image-2818\" srcset=\"https:\/\/couleurs-cami.com\/wp-content\/uploads\/R47-73X92cm-1003x800.jpg 1003w, https:\/\/couleurs-cami.com\/wp-content\/uploads\/R47-73X92cm-600x478.jpg 600w, https:\/\/couleurs-cami.com\/wp-content\/uploads\/R47-73X92cm-768x612.jpg 768w, https:\/\/couleurs-cami.com\/wp-content\/uploads\/R47-73X92cm-1536x1225.jpg 1536w, https:\/\/couleurs-cami.com\/wp-content\/uploads\/R47-73X92cm-2048x1633.jpg 2048w\" sizes=\"auto, (max-width: 767px) 89vw, (max-width: 1000px) 54vw, (max-width: 1071px) 543px, 580px\" \/><\/figure>\n\n\n\n<figure class=\"wp-block-image size-large\"><img loading=\"lazy\" decoding=\"async\" width=\"1024\" height=\"783\" src=\"https:\/\/couleurs-cami.com\/wp-content\/uploads\/CAMI_R27_89115-1024x783.jpg\" alt=\"R27 - 89 X 115 cm\" class=\"wp-image-854\" srcset=\"https:\/\/couleurs-cami.com\/wp-content\/uploads\/CAMI_R27_89115-1024x783.jpg 1024w, https:\/\/couleurs-cami.com\/wp-content\/uploads\/CAMI_R27_89115-600x459.jpg 600w, https:\/\/couleurs-cami.com\/wp-content\/uploads\/CAMI_R27_89115-768x587.jpg 768w, https:\/\/couleurs-cami.com\/wp-content\/uploads\/CAMI_R27_89115-1536x1175.jpg 1536w, https:\/\/couleurs-cami.com\/wp-content\/uploads\/CAMI_R27_89115-2048x1566.jpg 2048w\" sizes=\"auto, (max-width: 767px) 89vw, (max-width: 1000px) 54vw, (max-width: 1071px) 543px, 580px\" \/><figcaption class=\"wp-element-caption\">R27-89cm x 116cm<\/figcaption><\/figure>\n\n\n\n<p>Chaque toile est fournie avec un certificat d\u2019authenticit\u00e9. Tous les bords sont peints et chacune des toiles poss\u00e8de un syst\u00e8me d\u2019accrochage au dos.<\/p>\n\n\n\n<p>Pour commander une toile,&nbsp;<strong><a href=\"https:\/\/couleurs-cami.com\/index.php\/devis\/\" target=\"_blank\" rel=\"noreferrer noopener\">\u00e9crivez-nous<\/a>&nbsp;sur couleurs.cami@gmail.com<\/strong> en pr\u00e9cisant la r\u00e9f\u00e9rence de la toile (exemple R32 ou C51).<\/p>\n","protected":false},"excerpt":{"rendered":"<p>Tableaux de moyen format rectangulaire ou carr\u00e9 Tableaux au format carr\u00e9 Chaque toile est fournie avec un certificat d\u2019authenticit\u00e9. Tous les bords sont peints et chacune des toiles poss\u00e8de un syst\u00e8me d\u2019accrochage au dos. Pour commander une toile,&nbsp;\u00e9crivez-nous&nbsp;sur couleurs.cami@gmail.com en pr\u00e9cisant la r\u00e9f\u00e9rence de la toile (exemple R32 ou C51).<\/p>\n","protected":false},"author":1,"featured_media":0,"parent":0,"menu_order":1,"comment_status":"closed","ping_status":"closed","template":"","meta":{"om_disable_all_campaigns":false,"_monsterinsights_skip_tracking":false,"_monsterinsights_sitenote_active":false,"_monsterinsights_sitenote_note":"","_monsterinsights_sitenote_category":0,"footnotes":""},"class_list":["post-2471","page","type-page","status-publish","hentry"],"aioseo_notices":[],"_links":{"self":[{"href":"https:\/\/couleurs-cami.com\/index.php\/wp-json\/wp\/v2\/pages\/2471","targetHints":{"allow":["GET"]}}],"collection":[{"href":"https:\/\/couleurs-cami.com\/index.php\/wp-json\/wp\/v2\/pages"}],"about":[{"href":"https:\/\/couleurs-cami.com\/index.php\/wp-json\/wp\/v2\/types\/page"}],"author":[{"embeddable":true,"href":"https:\/\/couleurs-cami.com\/index.php\/wp-json\/wp\/v2\/users\/1"}],"replies":[{"embeddable":true,"href":"https:\/\/couleurs-cami.com\/index.php\/wp-json\/wp\/v2\/comments?post=2471"}],"version-history":[{"count":63,"href":"https:\/\/couleurs-cami.com\/index.php\/wp-json\/wp\/v2\/pages\/2471\/revisions"}],"predecessor-version":[{"id":2979,"href":"https:\/\/couleurs-cami.com\/index.php\/wp-json\/wp\/v2\/pages\/2471\/revisions\/2979"}],"wp:attachment":[{"href":"https:\/\/couleurs-cami.com\/index.php\/wp-json\/wp\/v2\/media?parent=2471"}],"curies":[{"name":"wp","href":"https:\/\/api.w.org\/{rel}","templated":true}]}}