{"id":2839,"date":"2025-03-29T19:18:46","date_gmt":"2025-03-29T18:18:46","guid":{"rendered":"https:\/\/couleurs-cami.com\/?page_id=2839"},"modified":"2026-04-03T18:48:47","modified_gmt":"2026-04-03T16:48:47","slug":"collection-2025","status":"publish","type":"page","link":"https:\/\/couleurs-cami.com\/index.php\/collection-2025\/","title":{"rendered":"ABSTRACTIONS 2025 \/ Paysages abstraits \u00e0 interpr\u00e9ter librement par chacun"},"content":{"rendered":"\n<p>Ces toiles abstraites sont color\u00e9es , sereines et extr\u00e8mement d\u00e9coratives,<\/p>\n\n\n\n\n\n\n\n<p>L&rsquo;observateur a la libert\u00e9 de faire pour chaque oeuvre sa propre interpr\u00e9tation , il y retrouve des silhouettes ou paysages abstraits selon ses \u00e9motions et son univers.<\/p>\n\n\n\n<figure class=\"wp-block-image size-large\"><img loading=\"lazy\" decoding=\"async\" width=\"824\" height=\"800\" src=\"https:\/\/couleurs-cami.com\/wp-content\/uploads\/CAMI_C63-80X80-824x800.jpg\" alt=\"\" class=\"wp-image-2832\" style=\"aspect-ratio:1.0300045692237396\" srcset=\"https:\/\/couleurs-cami.com\/wp-content\/uploads\/CAMI_C63-80X80-824x800.jpg 824w, https:\/\/couleurs-cami.com\/wp-content\/uploads\/CAMI_C63-80X80-600x582.jpg 600w, https:\/\/couleurs-cami.com\/wp-content\/uploads\/CAMI_C63-80X80-768x745.jpg 768w, https:\/\/couleurs-cami.com\/wp-content\/uploads\/CAMI_C63-80X80-1536x1491.jpg 1536w, https:\/\/couleurs-cami.com\/wp-content\/uploads\/CAMI_C63-80X80-2048x1988.jpg 2048w\" sizes=\"auto, (max-width: 767px) 89vw, (max-width: 1000px) 54vw, (max-width: 1071px) 543px, 580px\" \/><figcaption class=\"wp-element-caption\">C63- 80 x 80 cm Paysage<\/figcaption><\/figure>\n\n\n\n<figure class=\"wp-block-image size-large\"><img loading=\"lazy\" decoding=\"async\" width=\"804\" height=\"800\" src=\"https:\/\/couleurs-cami.com\/wp-content\/uploads\/CAMI_C69-80X80-1-804x800.jpeg\" alt=\"\" class=\"wp-image-2938\" style=\"aspect-ratio:1.0050351463183609\" srcset=\"https:\/\/couleurs-cami.com\/wp-content\/uploads\/CAMI_C69-80X80-1-804x800.jpeg 804w, https:\/\/couleurs-cami.com\/wp-content\/uploads\/CAMI_C69-80X80-1-600x597.jpeg 600w, https:\/\/couleurs-cami.com\/wp-content\/uploads\/CAMI_C69-80X80-1-300x300.jpeg 300w, https:\/\/couleurs-cami.com\/wp-content\/uploads\/CAMI_C69-80X80-1-768x764.jpeg 768w, https:\/\/couleurs-cami.com\/wp-content\/uploads\/CAMI_C69-80X80-1-1536x1528.jpeg 1536w, https:\/\/couleurs-cami.com\/wp-content\/uploads\/CAMI_C69-80X80-1-2048x2038.jpeg 2048w, https:\/\/couleurs-cami.com\/wp-content\/uploads\/CAMI_C69-80X80-1-100x100.jpeg 100w\" sizes=\"auto, (max-width: 767px) 89vw, (max-width: 1000px) 54vw, (max-width: 1071px) 543px, 580px\" \/><\/figure>\n\n\n\n<figure class=\"wp-block-image size-large\"><img loading=\"lazy\" decoding=\"async\" width=\"810\" height=\"800\" src=\"https:\/\/couleurs-cami.com\/wp-content\/uploads\/CAMI_C65-80X80-810x800.jpg\" alt=\"\" class=\"wp-image-2836\" srcset=\"https:\/\/couleurs-cami.com\/wp-content\/uploads\/CAMI_C65-80X80-810x800.jpg 810w, https:\/\/couleurs-cami.com\/wp-content\/uploads\/CAMI_C65-80X80-600x593.jpg 600w, https:\/\/couleurs-cami.com\/wp-content\/uploads\/CAMI_C65-80X80-768x759.jpg 768w, https:\/\/couleurs-cami.com\/wp-content\/uploads\/CAMI_C65-80X80-1536x1517.jpg 1536w, https:\/\/couleurs-cami.com\/wp-content\/uploads\/CAMI_C65-80X80-2048x2023.jpg 2048w, https:\/\/couleurs-cami.com\/wp-content\/uploads\/CAMI_C65-80X80-100x100.jpg 100w\" sizes=\"auto, (max-width: 767px) 89vw, (max-width: 1000px) 54vw, (max-width: 1071px) 543px, 580px\" \/><figcaption class=\"wp-element-caption\">C65 &#8211; 80 x 80 cm Paysage<\/figcaption><\/figure>\n\n\n\n<figure class=\"wp-block-image size-large\"><img loading=\"lazy\" decoding=\"async\" width=\"808\" height=\"800\" src=\"https:\/\/couleurs-cami.com\/wp-content\/uploads\/CAMI_C67-80X80-808x800.jpg\" alt=\"Pop Art\" class=\"wp-image-2835\" style=\"aspect-ratio:1.0100248138957817\" srcset=\"https:\/\/couleurs-cami.com\/wp-content\/uploads\/CAMI_C67-80X80-808x800.jpg 808w, https:\/\/couleurs-cami.com\/wp-content\/uploads\/CAMI_C67-80X80-600x594.jpg 600w, https:\/\/couleurs-cami.com\/wp-content\/uploads\/CAMI_C67-80X80-768x760.jpg 768w, https:\/\/couleurs-cami.com\/wp-content\/uploads\/CAMI_C67-80X80-1536x1520.jpg 1536w, https:\/\/couleurs-cami.com\/wp-content\/uploads\/CAMI_C67-80X80-2048x2027.jpg 2048w, https:\/\/couleurs-cami.com\/wp-content\/uploads\/CAMI_C67-80X80-100x100.jpg 100w\" sizes=\"auto, (max-width: 767px) 89vw, (max-width: 1000px) 54vw, (max-width: 1071px) 543px, 580px\" \/><figcaption class=\"wp-element-caption\">C67 &#8211; 80 x 80 cm<\/figcaption><\/figure>\n\n\n\n<figure class=\"wp-block-image size-large\"><img loading=\"lazy\" decoding=\"async\" width=\"782\" height=\"800\" src=\"https:\/\/couleurs-cami.com\/wp-content\/uploads\/CAMI_C66-80X80-782x800.jpg\" alt=\"\" class=\"wp-image-2834\" srcset=\"https:\/\/couleurs-cami.com\/wp-content\/uploads\/CAMI_C66-80X80-782x800.jpg 782w, https:\/\/couleurs-cami.com\/wp-content\/uploads\/CAMI_C66-80X80-586x600.jpg 586w, https:\/\/couleurs-cami.com\/wp-content\/uploads\/CAMI_C66-80X80-768x786.jpg 768w, https:\/\/couleurs-cami.com\/wp-content\/uploads\/CAMI_C66-80X80-1501x1536.jpg 1501w, https:\/\/couleurs-cami.com\/wp-content\/uploads\/CAMI_C66-80X80-2002x2048.jpg 2002w\" sizes=\"auto, (max-width: 767px) 89vw, (max-width: 1000px) 54vw, (max-width: 1071px) 543px, 580px\" \/><figcaption class=\"wp-element-caption\">C66 &#8211; 80 x 80 cm<\/figcaption><\/figure>\n\n\n\n<figure class=\"wp-block-image size-large\"><img loading=\"lazy\" decoding=\"async\" width=\"804\" height=\"800\" src=\"https:\/\/couleurs-cami.com\/wp-content\/uploads\/CAMI_C59-80X80-804x800.jpg\" alt=\"\" class=\"wp-image-2751\" srcset=\"https:\/\/couleurs-cami.com\/wp-content\/uploads\/CAMI_C59-80X80-804x800.jpg 804w, https:\/\/couleurs-cami.com\/wp-content\/uploads\/CAMI_C59-80X80-600x597.jpg 600w, https:\/\/couleurs-cami.com\/wp-content\/uploads\/CAMI_C59-80X80-300x300.jpg 300w, https:\/\/couleurs-cami.com\/wp-content\/uploads\/CAMI_C59-80X80-768x764.jpg 768w, https:\/\/couleurs-cami.com\/wp-content\/uploads\/CAMI_C59-80X80-1536x1528.jpg 1536w, https:\/\/couleurs-cami.com\/wp-content\/uploads\/CAMI_C59-80X80-2048x2037.jpg 2048w, https:\/\/couleurs-cami.com\/wp-content\/uploads\/CAMI_C59-80X80-100x100.jpg 100w\" sizes=\"auto, (max-width: 767px) 89vw, (max-width: 1000px) 54vw, (max-width: 1071px) 543px, 580px\" \/><figcaption class=\"wp-element-caption\">C59 &#8211; 80 x 80 cm Bord de mer urbain<\/figcaption><\/figure>\n\n\n\n<figure class=\"wp-block-image size-large\"><img loading=\"lazy\" decoding=\"async\" width=\"821\" height=\"800\" src=\"https:\/\/couleurs-cami.com\/wp-content\/uploads\/CAMI_C64-80X80-821x800.jpg\" alt=\"\" class=\"wp-image-2833\" srcset=\"https:\/\/couleurs-cami.com\/wp-content\/uploads\/CAMI_C64-80X80-821x800.jpg 821w, https:\/\/couleurs-cami.com\/wp-content\/uploads\/CAMI_C64-80X80-600x585.jpg 600w, https:\/\/couleurs-cami.com\/wp-content\/uploads\/CAMI_C64-80X80-768x748.jpg 768w, https:\/\/couleurs-cami.com\/wp-content\/uploads\/CAMI_C64-80X80-1536x1497.jpg 1536w, https:\/\/couleurs-cami.com\/wp-content\/uploads\/CAMI_C64-80X80-2048x1996.jpg 2048w\" sizes=\"auto, (max-width: 767px) 89vw, (max-width: 1000px) 54vw, (max-width: 1071px) 543px, 580px\" \/><figcaption class=\"wp-element-caption\">C 80x80cm Silhouette africaine<\/figcaption><\/figure>\n\n\n\n<figure class=\"wp-block-image size-large\"><img loading=\"lazy\" decoding=\"async\" width=\"786\" height=\"800\" src=\"https:\/\/couleurs-cami.com\/wp-content\/uploads\/CAMI_C62-80X80-786x800.jpg\" alt=\"\" class=\"wp-image-2831\" srcset=\"https:\/\/couleurs-cami.com\/wp-content\/uploads\/CAMI_C62-80X80-786x800.jpg 786w, https:\/\/couleurs-cami.com\/wp-content\/uploads\/CAMI_C62-80X80-589x600.jpg 589w, https:\/\/couleurs-cami.com\/wp-content\/uploads\/CAMI_C62-80X80-768x782.jpg 768w, https:\/\/couleurs-cami.com\/wp-content\/uploads\/CAMI_C62-80X80-1508x1536.jpg 1508w, https:\/\/couleurs-cami.com\/wp-content\/uploads\/CAMI_C62-80X80-2011x2048.jpg 2011w\" sizes=\"auto, (max-width: 767px) 89vw, (max-width: 1000px) 54vw, (max-width: 1071px) 543px, 580px\" \/><figcaption class=\"wp-element-caption\">C62 &#8211; 80 x 80 cm Paysage<\/figcaption><\/figure>\n\n\n\n<div class=\"wp-block-cover\"><img loading=\"lazy\" decoding=\"async\" width=\"929\" height=\"800\" class=\"wp-block-cover__image-background wp-image-2823\" alt=\"\" src=\"https:\/\/couleurs-cami.com\/wp-content\/uploads\/R92-65X81cm-929x800.jpg\" data-object-fit=\"cover\" srcset=\"https:\/\/couleurs-cami.com\/wp-content\/uploads\/R92-65X81cm-929x800.jpg 929w, https:\/\/couleurs-cami.com\/wp-content\/uploads\/R92-65X81cm-600x517.jpg 600w, https:\/\/couleurs-cami.com\/wp-content\/uploads\/R92-65X81cm-768x662.jpg 768w, https:\/\/couleurs-cami.com\/wp-content\/uploads\/R92-65X81cm-1536x1323.jpg 1536w, https:\/\/couleurs-cami.com\/wp-content\/uploads\/R92-65X81cm-2048x1764.jpg 2048w\" sizes=\"auto, (max-width: 767px) 89vw, (max-width: 1000px) 54vw, (max-width: 1071px) 543px, 580px\" \/><span aria-hidden=\"true\" class=\"wp-block-cover__background has-background-dim\"><\/span><div class=\"wp-block-cover__inner-container is-layout-flow wp-block-cover-is-layout-flow\">\n<p class=\"has-text-align-center has-small-font-size\"><em>R92 65X81cm<\/em><\/p>\n<\/div><\/div>\n\n\n\n<p>Chaque toile est fournie avec un certificat d\u2019authenticit\u00e9. Tous les bords sont peints et il existe un syst\u00e8me d&rsquo;accrochage au dos de chacune des toiles.<\/p>\n\n\n\n<p>Pour commander une toile,&nbsp;<strong><a href=\"https:\/\/couleurs-cami.com\/index.php\/devis\/\" target=\"_blank\" rel=\"noreferrer noopener\">\u00e9crivez-nous<\/a>&nbsp;sur couleurs.cami@gmail.com<\/strong> en pr\u00e9cisant la r\u00e9f\u00e9rence de la toile (exemple C62)<\/p>\n\n\n\n<p><\/p>\n\n\n\n<figure class=\"wp-block-image\"><img loading=\"lazy\" decoding=\"async\" width=\"2473\" height=\"2390\" src=\"https:\/\/couleurs-cami.com\/wp-content\/uploads\/CAMI-R99-80x80cm.jpeg\" alt=\"\" class=\"wp-image-2995\" srcset=\"https:\/\/couleurs-cami.com\/wp-content\/uploads\/CAMI-R99-80x80cm.jpeg 2473w, https:\/\/couleurs-cami.com\/wp-content\/uploads\/CAMI-R99-80x80cm-600x580.jpeg 600w, https:\/\/couleurs-cami.com\/wp-content\/uploads\/CAMI-R99-80x80cm-828x800.jpeg 828w, https:\/\/couleurs-cami.com\/wp-content\/uploads\/CAMI-R99-80x80cm-768x742.jpeg 768w, https:\/\/couleurs-cami.com\/wp-content\/uploads\/CAMI-R99-80x80cm-1536x1484.jpeg 1536w, https:\/\/couleurs-cami.com\/wp-content\/uploads\/CAMI-R99-80x80cm-2048x1979.jpeg 2048w\" sizes=\"auto, (max-width: 767px) 89vw, (max-width: 1000px) 54vw, (max-width: 1071px) 543px, 580px\" \/><\/figure>\n\n\n\n<p>R99 80x80cm<\/p>\n\n\n\n<p><\/p>\n","protected":false},"excerpt":{"rendered":"<p>Ces toiles abstraites sont color\u00e9es , sereines et extr\u00e8mement d\u00e9coratives, L&rsquo;observateur a la libert\u00e9 de faire pour chaque oeuvre sa propre interpr\u00e9tation , il y retrouve des silhouettes ou paysages abstraits selon ses \u00e9motions et son univers. Chaque toile est fournie avec un certificat d\u2019authenticit\u00e9. Tous les bords sont peints et il existe un syst\u00e8me &hellip; <\/p>\n<p class=\"link-more\"><a href=\"https:\/\/couleurs-cami.com\/index.php\/collection-2025\/\" class=\"more-link\">Continuer la lecture<span class=\"screen-reader-text\"> de &laquo;&nbsp;ABSTRACTIONS 2025 \/ Paysages abstraits \u00e0 interpr\u00e9ter librement par chacun&nbsp;&raquo;<\/span><\/a><\/p>\n","protected":false},"author":1,"featured_media":0,"parent":0,"menu_order":0,"comment_status":"closed","ping_status":"closed","template":"","meta":{"om_disable_all_campaigns":false,"_monsterinsights_skip_tracking":false,"_monsterinsights_sitenote_active":false,"_monsterinsights_sitenote_note":"","_monsterinsights_sitenote_category":0,"footnotes":""},"class_list":["post-2839","page","type-page","status-publish","hentry"],"aioseo_notices":[],"_links":{"self":[{"href":"https:\/\/couleurs-cami.com\/index.php\/wp-json\/wp\/v2\/pages\/2839","targetHints":{"allow":["GET"]}}],"collection":[{"href":"https:\/\/couleurs-cami.com\/index.php\/wp-json\/wp\/v2\/pages"}],"about":[{"href":"https:\/\/couleurs-cami.com\/index.php\/wp-json\/wp\/v2\/types\/page"}],"author":[{"embeddable":true,"href":"https:\/\/couleurs-cami.com\/index.php\/wp-json\/wp\/v2\/users\/1"}],"replies":[{"embeddable":true,"href":"https:\/\/couleurs-cami.com\/index.php\/wp-json\/wp\/v2\/comments?post=2839"}],"version-history":[{"count":48,"href":"https:\/\/couleurs-cami.com\/index.php\/wp-json\/wp\/v2\/pages\/2839\/revisions"}],"predecessor-version":[{"id":3061,"href":"https:\/\/couleurs-cami.com\/index.php\/wp-json\/wp\/v2\/pages\/2839\/revisions\/3061"}],"wp:attachment":[{"href":"https:\/\/couleurs-cami.com\/index.php\/wp-json\/wp\/v2\/media?parent=2839"}],"curies":[{"name":"wp","href":"https:\/\/api.w.org\/{rel}","templated":true}]}}