{"id":3016,"date":"2026-03-08T17:05:36","date_gmt":"2026-03-08T16:05:36","guid":{"rendered":"https:\/\/couleurs-cami.com\/?page_id=3016"},"modified":"2026-03-23T12:04:23","modified_gmt":"2026-03-23T11:04:23","slug":"paris-2026","status":"publish","type":"page","link":"https:\/\/couleurs-cami.com\/","title":{"rendered":"PARIS 2026"},"content":{"rendered":"\n<p>Cette collection de Tableaux originaux de moyens formats sera  expos\u00e9 pour la premi\u00e8re fois du 10 au 20 Mars 2026 galerie \u00ab\u00a0la capitainerie de l&rsquo;isle\u00a0\u00bb 26 rue chanoinesse 75004 Paris.<\/p>\n\n\n\n<p>Chaque tableau est \u00e9quip\u00e9 d&rsquo;un syst\u00e8me d &lsquo;accroche simple au dos et vendu avec un certificat d &lsquo;authenticit\u00e9 sign\u00e9 par l&rsquo;artiste <\/p>\n\n\n\n<figure class=\"wp-block-image size-full is-resized\"><img loading=\"lazy\" decoding=\"async\" width=\"620\" height=\"479\" src=\"https:\/\/couleurs-cami.com\/wp-content\/uploads\/R89-50X65cm.jpeg\" alt=\"\" class=\"wp-image-3017\" style=\"aspect-ratio:1.2943690372287597;width:672px;height:auto\" srcset=\"https:\/\/couleurs-cami.com\/wp-content\/uploads\/R89-50X65cm.jpeg 620w, https:\/\/couleurs-cami.com\/wp-content\/uploads\/R89-50X65cm-600x464.jpeg 600w\" sizes=\"auto, (max-width: 620px) 100vw, 620px\" \/><\/figure>\n\n\n\n<p><strong><em>R89 50X65cm<\/em><\/strong><\/p>\n\n\n\n<div class=\"wp-block-media-text is-stacked-on-mobile\" style=\"grid-template-columns:85% auto\"><figure class=\"wp-block-media-text__media\"><img loading=\"lazy\" decoding=\"async\" width=\"990\" height=\"800\" src=\"https:\/\/couleurs-cami.com\/wp-content\/uploads\/R96-65x81cm-990x800.jpeg\" alt=\"\" class=\"wp-image-2950 size-full\" srcset=\"https:\/\/couleurs-cami.com\/wp-content\/uploads\/R96-65x81cm-990x800.jpeg 990w, https:\/\/couleurs-cami.com\/wp-content\/uploads\/R96-65x81cm-600x485.jpeg 600w, https:\/\/couleurs-cami.com\/wp-content\/uploads\/R96-65x81cm-768x621.jpeg 768w, https:\/\/couleurs-cami.com\/wp-content\/uploads\/R96-65x81cm-1536x1241.jpeg 1536w, https:\/\/couleurs-cami.com\/wp-content\/uploads\/R96-65x81cm-2048x1655.jpeg 2048w\" sizes=\"auto, (max-width: 767px) 89vw, (max-width: 1000px) 54vw, (max-width: 1071px) 543px, 580px\" \/><\/figure><div class=\"wp-block-media-text__content\">\n<p><\/p>\n<\/div><\/div>\n\n\n\n<p><strong><em>R96 65X81cm<\/em><\/strong><\/p>\n\n\n\n<figure class=\"wp-block-image size-large is-resized\"><img loading=\"lazy\" decoding=\"async\" width=\"979\" height=\"800\" src=\"https:\/\/couleurs-cami.com\/wp-content\/uploads\/R100-50X61cm-979x800.jpeg\" alt=\"\" class=\"wp-image-3015\" style=\"aspect-ratio:1.2237510283979687;width:576px;height:auto\" srcset=\"https:\/\/couleurs-cami.com\/wp-content\/uploads\/R100-50X61cm-979x800.jpeg 979w, https:\/\/couleurs-cami.com\/wp-content\/uploads\/R100-50X61cm-600x490.jpeg 600w, https:\/\/couleurs-cami.com\/wp-content\/uploads\/R100-50X61cm-768x628.jpeg 768w, https:\/\/couleurs-cami.com\/wp-content\/uploads\/R100-50X61cm-1536x1255.jpeg 1536w, https:\/\/couleurs-cami.com\/wp-content\/uploads\/R100-50X61cm-2048x1674.jpeg 2048w\" sizes=\"auto, (max-width: 767px) 89vw, (max-width: 1000px) 54vw, (max-width: 1071px) 543px, 580px\" \/><\/figure>\n\n\n\n<p><strong><em>R100 50X61cm<\/em><\/strong><\/p>\n\n\n\n<figure class=\"wp-block-image size-large\"><img loading=\"lazy\" decoding=\"async\" width=\"1024\" height=\"757\" src=\"https:\/\/couleurs-cami.com\/wp-content\/uploads\/CAMI-R97-54x73cm-2-1024x757.jpeg\" alt=\"\" class=\"wp-image-2956\" srcset=\"https:\/\/couleurs-cami.com\/wp-content\/uploads\/CAMI-R97-54x73cm-2-1024x757.jpeg 1024w, https:\/\/couleurs-cami.com\/wp-content\/uploads\/CAMI-R97-54x73cm-2-600x444.jpeg 600w, https:\/\/couleurs-cami.com\/wp-content\/uploads\/CAMI-R97-54x73cm-2-768x568.jpeg 768w, https:\/\/couleurs-cami.com\/wp-content\/uploads\/CAMI-R97-54x73cm-2-1536x1135.jpeg 1536w, https:\/\/couleurs-cami.com\/wp-content\/uploads\/CAMI-R97-54x73cm-2-2048x1514.jpeg 2048w\" sizes=\"auto, (max-width: 767px) 89vw, (max-width: 1000px) 54vw, (max-width: 1071px) 543px, 580px\" \/><\/figure>\n\n\n\n<p><strong><em>R97 54X73cm<\/em><\/strong><\/p>\n\n\n\n<figure class=\"wp-block-image size-full\"><img loading=\"lazy\" decoding=\"async\" width=\"611\" height=\"474\" src=\"https:\/\/couleurs-cami.com\/wp-content\/uploads\/CAMI_R90-50X60.png\" alt=\"\" class=\"wp-image-2763\" srcset=\"https:\/\/couleurs-cami.com\/wp-content\/uploads\/CAMI_R90-50X60.png 611w, https:\/\/couleurs-cami.com\/wp-content\/uploads\/CAMI_R90-50X60-600x465.png 600w\" sizes=\"auto, (max-width: 611px) 100vw, 611px\" \/><\/figure>\n\n\n\n<p><strong><em>R90 50X60cm<\/em><\/strong><\/p>\n\n\n\n<figure class=\"wp-block-image size-full is-resized\"><img loading=\"lazy\" decoding=\"async\" width=\"486\" height=\"481\" src=\"https:\/\/couleurs-cami.com\/wp-content\/uploads\/CAMI_C61-70X70.jpeg\" alt=\"\" class=\"wp-image-2762\" style=\"width:674px;height:auto\" srcset=\"https:\/\/couleurs-cami.com\/wp-content\/uploads\/CAMI_C61-70X70.jpeg 486w, https:\/\/couleurs-cami.com\/wp-content\/uploads\/CAMI_C61-70X70-100x100.jpeg 100w\" sizes=\"auto, (max-width: 486px) 100vw, 486px\" \/><\/figure>\n\n\n\n<p><em>C61 70X70cm<\/em><\/p>\n\n\n\n<figure class=\"wp-block-image size-large\"><img loading=\"lazy\" decoding=\"async\" width=\"1024\" height=\"611\" src=\"https:\/\/couleurs-cami.com\/wp-content\/uploads\/D2-60X50X2-1-1024x611.jpeg\" alt=\"\" class=\"wp-image-3054\" srcset=\"https:\/\/couleurs-cami.com\/wp-content\/uploads\/D2-60X50X2-1-1024x611.jpeg 1024w, https:\/\/couleurs-cami.com\/wp-content\/uploads\/D2-60X50X2-1-600x358.jpeg 600w, https:\/\/couleurs-cami.com\/wp-content\/uploads\/D2-60X50X2-1-768x458.jpeg 768w, https:\/\/couleurs-cami.com\/wp-content\/uploads\/D2-60X50X2-1-1536x917.jpeg 1536w, https:\/\/couleurs-cami.com\/wp-content\/uploads\/D2-60X50X2-1-2048x1222.jpeg 2048w\" sizes=\"auto, (max-width: 767px) 89vw, (max-width: 1000px) 54vw, (max-width: 1071px) 543px, 580px\" \/><\/figure>\n\n\n\n<p>D2  60X50cm X2<\/p>\n\n\n\n<figure class=\"wp-block-image size-large\"><img loading=\"lazy\" decoding=\"async\" width=\"1024\" height=\"619\" src=\"https:\/\/couleurs-cami.com\/wp-content\/uploads\/D1-65x54X2-1024x619.jpg\" alt=\"\" class=\"wp-image-3050\" srcset=\"https:\/\/couleurs-cami.com\/wp-content\/uploads\/D1-65x54X2-1024x619.jpg 1024w, https:\/\/couleurs-cami.com\/wp-content\/uploads\/D1-65x54X2-600x363.jpg 600w, https:\/\/couleurs-cami.com\/wp-content\/uploads\/D1-65x54X2-768x465.jpg 768w, https:\/\/couleurs-cami.com\/wp-content\/uploads\/D1-65x54X2-1536x929.jpg 1536w, https:\/\/couleurs-cami.com\/wp-content\/uploads\/D1-65x54X2-2048x1239.jpg 2048w\" sizes=\"auto, (max-width: 767px) 89vw, (max-width: 1000px) 54vw, (max-width: 1071px) 543px, 580px\" \/><\/figure>\n\n\n\n<p>D1 65X54cm X2<\/p>\n","protected":false},"excerpt":{"rendered":"<p>Cette collection de Tableaux originaux de moyens formats sera expos\u00e9 pour la premi\u00e8re fois du 10 au 20 Mars 2026 galerie \u00ab\u00a0la capitainerie de l&rsquo;isle\u00a0\u00bb 26 rue chanoinesse 75004 Paris. Chaque tableau est \u00e9quip\u00e9 d&rsquo;un syst\u00e8me d &lsquo;accroche simple au dos et vendu avec un certificat d &lsquo;authenticit\u00e9 sign\u00e9 par l&rsquo;artiste R89 50X65cm R96 65X81cm &hellip; <\/p>\n<p class=\"link-more\"><a href=\"https:\/\/couleurs-cami.com\/\" class=\"more-link\">Continuer la lecture<span class=\"screen-reader-text\"> de &laquo;&nbsp;PARIS 2026&nbsp;&raquo;<\/span><\/a><\/p>\n","protected":false},"author":1,"featured_media":0,"parent":0,"menu_order":1,"comment_status":"closed","ping_status":"closed","template":"","meta":{"om_disable_all_campaigns":false,"_monsterinsights_skip_tracking":false,"_monsterinsights_sitenote_active":false,"_monsterinsights_sitenote_note":"","_monsterinsights_sitenote_category":0,"footnotes":""},"class_list":["post-3016","page","type-page","status-publish","hentry"],"aioseo_notices":[],"_links":{"self":[{"href":"https:\/\/couleurs-cami.com\/index.php\/wp-json\/wp\/v2\/pages\/3016","targetHints":{"allow":["GET"]}}],"collection":[{"href":"https:\/\/couleurs-cami.com\/index.php\/wp-json\/wp\/v2\/pages"}],"about":[{"href":"https:\/\/couleurs-cami.com\/index.php\/wp-json\/wp\/v2\/types\/page"}],"author":[{"embeddable":true,"href":"https:\/\/couleurs-cami.com\/index.php\/wp-json\/wp\/v2\/users\/1"}],"replies":[{"embeddable":true,"href":"https:\/\/couleurs-cami.com\/index.php\/wp-json\/wp\/v2\/comments?post=3016"}],"version-history":[{"count":13,"href":"https:\/\/couleurs-cami.com\/index.php\/wp-json\/wp\/v2\/pages\/3016\/revisions"}],"predecessor-version":[{"id":3055,"href":"https:\/\/couleurs-cami.com\/index.php\/wp-json\/wp\/v2\/pages\/3016\/revisions\/3055"}],"wp:attachment":[{"href":"https:\/\/couleurs-cami.com\/index.php\/wp-json\/wp\/v2\/media?parent=3016"}],"curies":[{"name":"wp","href":"https:\/\/api.w.org\/{rel}","templated":true}]}}