{"id":326,"date":"2020-04-05T12:04:42","date_gmt":"2020-04-05T10:04:42","guid":{"rendered":"http:\/\/couleurs-cami.com\/?page_id=326"},"modified":"2026-03-11T10:36:28","modified_gmt":"2026-03-11T09:36:28","slug":"accueil","status":"publish","type":"page","link":"https:\/\/couleurs-cami.com\/index.php\/accueil\/","title":{"rendered":"Univers moderne abstrait et color\u00e9"},"content":{"rendered":"\n<p><strong>Bienvenue dans l&rsquo;univers de <em>Cami<\/em><\/strong>.<\/p>\n\n\n\n<div class=\"wp-block-carousel-slider-slider\"><div class=\"carousel-slider-outer carousel-slider-outer-image-carousel carousel-slider-outer-2275\" style=\"--carousel-slider-nav-color:#f1f1f1;--carousel-slider-active-nav-color:#00d1b2;--carousel-slider-arrow-size:48px;--carousel-slider-bullet-size:10px\">\n<div id=\"&#039;id-2275\" class=\"carousel-slider carousel-slider-2275 arrows-visibility-hover dots-visibility-never arrows-outside dots-center dots-circle owl-carousel\" data-slide-type=\"image-carousel\" data-owl-settings='{\"nav\":true,\"dots\":false,\"slideBy\":1,\"stagePadding\":0,\"margin\":18,\"loop\":true,\"lazyLoad\":false,\"autoplay\":true,\"autoplayTimeout\":5000,\"autoplaySpeed\":500,\"autoplayHoverPause\":true,\"autoWidth\":false,\"responsive\":{\"300\":{\"items\":1},\"576\":{\"items\":2},\"768\":{\"items\":2},\"1024\":{\"items\":3},\"1280\":{\"items\":4},\"1536\":{\"items\":5}}}'>\n<div class=\"carousel-slider__item\">\n\t<img loading=\"lazy\" decoding=\"async\" width=\"600\" height=\"375\" src=\"https:\/\/couleurs-cami.com\/wp-content\/uploads\/GR04_Situation-600x375.jpg\" class=\"attachment-medium size-medium\" alt=\"\" srcset=\"https:\/\/couleurs-cami.com\/wp-content\/uploads\/GR04_Situation-600x375.jpg 600w, https:\/\/couleurs-cami.com\/wp-content\/uploads\/GR04_Situation-1024x640.jpg 1024w, https:\/\/couleurs-cami.com\/wp-content\/uploads\/GR04_Situation-768x480.jpg 768w, https:\/\/couleurs-cami.com\/wp-content\/uploads\/GR04_Situation-1536x960.jpg 1536w, https:\/\/couleurs-cami.com\/wp-content\/uploads\/GR04_Situation-2048x1280.jpg 2048w\" sizes=\"auto, 100vw\" \/><\/a><\/div>\n\n<div class=\"carousel-slider__item\">\n\t<img loading=\"lazy\" decoding=\"async\" width=\"600\" height=\"428\" src=\"https:\/\/couleurs-cami.com\/wp-content\/uploads\/R_SITUATION-600x428.jpg\" class=\"attachment-medium size-medium\" alt=\"\" srcset=\"https:\/\/couleurs-cami.com\/wp-content\/uploads\/R_SITUATION-600x428.jpg 600w, https:\/\/couleurs-cami.com\/wp-content\/uploads\/R_SITUATION-1024x730.jpg 1024w, https:\/\/couleurs-cami.com\/wp-content\/uploads\/R_SITUATION-768x548.jpg 768w, https:\/\/couleurs-cami.com\/wp-content\/uploads\/R_SITUATION-1536x1096.jpg 1536w, https:\/\/couleurs-cami.com\/wp-content\/uploads\/R_SITUATION-2048x1461.jpg 2048w\" sizes=\"auto, 100vw\" \/><\/a><\/div>\n\n<div class=\"carousel-slider__item\">\n\t<img loading=\"lazy\" decoding=\"async\" width=\"600\" height=\"482\" src=\"https:\/\/couleurs-cami.com\/wp-content\/uploads\/DSC01137-SITE-600x482.jpg\" class=\"attachment-medium size-medium\" alt=\"\" srcset=\"https:\/\/couleurs-cami.com\/wp-content\/uploads\/DSC01137-SITE-600x482.jpg 600w, https:\/\/couleurs-cami.com\/wp-content\/uploads\/DSC01137-SITE-995x800.jpg 995w, https:\/\/couleurs-cami.com\/wp-content\/uploads\/DSC01137-SITE-768x617.jpg 768w, https:\/\/couleurs-cami.com\/wp-content\/uploads\/DSC01137-SITE-1536x1235.jpg 1536w, https:\/\/couleurs-cami.com\/wp-content\/uploads\/DSC01137-SITE-2048x1647.jpg 2048w\" sizes=\"auto, 100vw\" \/><\/a><\/div>\n\n<div class=\"carousel-slider__item\">\n\t<img loading=\"lazy\" decoding=\"async\" width=\"600\" height=\"450\" src=\"https:\/\/couleurs-cami.com\/wp-content\/uploads\/2020\/04\/COULEURS-CAMI_INTERIEUR-5-750x562.jpg\" class=\"attachment-medium size-medium\" alt=\"\" srcset=\"https:\/\/couleurs-cami.com\/wp-content\/uploads\/2020\/04\/COULEURS-CAMI_INTERIEUR-5-750x562.jpg 750w, https:\/\/couleurs-cami.com\/wp-content\/uploads\/2020\/04\/COULEURS-CAMI_INTERIEUR-5-1024x768.jpg 1024w, https:\/\/couleurs-cami.com\/wp-content\/uploads\/2020\/04\/COULEURS-CAMI_INTERIEUR-5-768x576.jpg 768w, https:\/\/couleurs-cami.com\/wp-content\/uploads\/2020\/04\/COULEURS-CAMI_INTERIEUR-5-1536x1152.jpg 1536w, https:\/\/couleurs-cami.com\/wp-content\/uploads\/2020\/04\/COULEURS-CAMI_INTERIEUR-5-2048x1536.jpg 2048w\" sizes=\"auto, 100vw\" \/><\/a><\/div>\n\n<\/div><!-- .carousel-slider-2275 -->\n<\/div><!-- .carousel-slider-outer-2275 -->\n<\/div>\n\n\n\n<p>Inspir\u00e9es par les ma\u00eetres de l&rsquo;Art Abstrait, les toiles de Cami sont contemporaines, color\u00e9es et viendront adoucir, \u00e9gayer, embellir vos maisons et appartements.<\/p>\n\n\n\n<p>Cami met son esth\u00e9tisme et sa sensibilit\u00e9 au service de son art et cr\u00e9e un univers pictural \u00e0 la fois gai et apaisant. <a href=\"https:\/\/couleurs-cami.com\/index.php\/galerie\/\" target=\"_blank\" rel=\"noopener\" title=\"\">Elle travaille par collections<\/a> pour r\u00e9pondre au mieux au style et aux couleurs de vos lieux de vie.  <\/p>\n\n\n\n<p>Chaque toile est unique, sign\u00e9e et fournie avec une accroche au dos, une facture et un certificat d&rsquo;authenticit\u00e9. <\/p>\n\n\n\n<p>Une toile disponible vous pla\u00eet .  <strong>Ecrivez nous <a href=\"https:\/\/couleurs-cami.com\/index.php\/devis\/\" title=\"\"> <\/a>par mail sur couleurs.cami@gmail.com<\/strong> en pr\u00e9cisant la r\u00e9f\u00e9rence du tableau choisi (exemple C14).<\/p>\n\n\n\n<p>Si vous ne trouvez pas la toile qui vous convient en parcourant la galerie virtuelle,<strong> Cami peut r\u00e9aliser une toile sur mesure aux tons et au format de votre choix.<\/strong><\/p>\n\n\n\n<div class=\"wp-block-carousel-slider-slider\"><div class=\"carousel-slider-outer carousel-slider-outer-image-carousel carousel-slider-outer-2320\" style=\"--carousel-slider-nav-color:#f1f1f1;--carousel-slider-active-nav-color:#00d1b2;--carousel-slider-arrow-size:48px;--carousel-slider-bullet-size:10px\">\n<div id=\"&#039;id-2320\" class=\"carousel-slider carousel-slider-2320 arrows-visibility-hover dots-visibility-never arrows-outside dots-center dots-circle owl-carousel\" data-slide-type=\"image-carousel\" data-owl-settings='{\"nav\":true,\"dots\":false,\"slideBy\":1,\"stagePadding\":0,\"margin\":10,\"loop\":true,\"lazyLoad\":false,\"autoplay\":true,\"autoplayTimeout\":5000,\"autoplaySpeed\":500,\"autoplayHoverPause\":true,\"autoWidth\":false,\"responsive\":{\"300\":{\"items\":1},\"576\":{\"items\":2},\"768\":{\"items\":2},\"1024\":{\"items\":3},\"1280\":{\"items\":4},\"1536\":{\"items\":5}}}'>\n<div class=\"carousel-slider__item\">\n\t<a href=\"https:\/\/couleurs-cami.com\/index.php\/collection-2025\/\" target=\"_self\"><img loading=\"lazy\" decoding=\"async\" width=\"600\" height=\"585\" src=\"https:\/\/couleurs-cami.com\/wp-content\/uploads\/CAMI_C64-80X80-600x585.jpg\" class=\"attachment-medium size-medium\" alt=\"\" srcset=\"https:\/\/couleurs-cami.com\/wp-content\/uploads\/CAMI_C64-80X80-600x585.jpg 600w, https:\/\/couleurs-cami.com\/wp-content\/uploads\/CAMI_C64-80X80-821x800.jpg 821w, https:\/\/couleurs-cami.com\/wp-content\/uploads\/CAMI_C64-80X80-768x748.jpg 768w, https:\/\/couleurs-cami.com\/wp-content\/uploads\/CAMI_C64-80X80-1536x1497.jpg 1536w, https:\/\/couleurs-cami.com\/wp-content\/uploads\/CAMI_C64-80X80-2048x1996.jpg 2048w\" sizes=\"auto, 100vw\" \/><div class=\"carousel-slider__caption\"><p class=\"caption\">ABSTRACTION 2025<\/p><\/div><\/a><\/div>\n\n<div class=\"carousel-slider__item\">\n\t<a href=\"https:\/\/couleurs-cami.com\/index.php\/collection-2024\/\" target=\"_self\"><img loading=\"lazy\" decoding=\"async\" width=\"600\" height=\"600\" src=\"https:\/\/couleurs-cami.com\/wp-content\/uploads\/CAMI_C49-60x60-1-600x600.jpg\" class=\"attachment-medium size-medium\" alt=\"\" srcset=\"https:\/\/couleurs-cami.com\/wp-content\/uploads\/CAMI_C49-60x60-1-600x600.jpg 600w, https:\/\/couleurs-cami.com\/wp-content\/uploads\/CAMI_C49-60x60-1-800x800.jpg 800w, https:\/\/couleurs-cami.com\/wp-content\/uploads\/CAMI_C49-60x60-1-300x300.jpg 300w, https:\/\/couleurs-cami.com\/wp-content\/uploads\/CAMI_C49-60x60-1-768x768.jpg 768w, https:\/\/couleurs-cami.com\/wp-content\/uploads\/CAMI_C49-60x60-1-1536x1536.jpg 1536w, https:\/\/couleurs-cami.com\/wp-content\/uploads\/CAMI_C49-60x60-1-2048x2048.jpg 2048w, https:\/\/couleurs-cami.com\/wp-content\/uploads\/CAMI_C49-60x60-1-100x100.jpg 100w\" sizes=\"auto, 100vw\" \/><div class=\"carousel-slider__caption\"><p class=\"caption\">INSPIRATIONS 2024<\/p><\/div><\/a><\/div>\n\n<div class=\"carousel-slider__item\">\n\t<a href=\"https:\/\/couleurs-cami.com\/index.php\/galerie\/collection-transparences\/\" target=\"_self\"><img loading=\"lazy\" decoding=\"async\" width=\"500\" height=\"500\" src=\"https:\/\/couleurs-cami.com\/wp-content\/uploads\/GAL_TRANSPARENCES-e1698850125225.jpeg\" class=\"attachment-medium size-medium\" alt=\"\" sizes=\"auto, 100vw\" \/><div class=\"carousel-slider__caption\"><p class=\"caption\">TRANSPARENCE<\/p><\/div><\/a><\/div>\n\n<div class=\"carousel-slider__item\">\n\t<a href=\"https:\/\/couleurs-cami.com\/index.php\/galerie\/collection-square-zen\/\" target=\"_self\"><img loading=\"lazy\" decoding=\"async\" width=\"500\" height=\"500\" src=\"https:\/\/couleurs-cami.com\/wp-content\/uploads\/GAL_SQUARE-e1698850142302.jpeg\" class=\"attachment-medium size-medium\" alt=\"\" sizes=\"auto, 100vw\" \/><div class=\"carousel-slider__caption\"><p class=\"caption\">SQUARE &amp; ZEN<\/p><\/div><\/a><\/div>\n\n<div class=\"carousel-slider__item\">\n\t<a href=\"https:\/\/couleurs-cami.com\/index.php\/galerie\/collection-palissades\/\" target=\"_self\"><img loading=\"lazy\" decoding=\"async\" width=\"500\" height=\"500\" src=\"https:\/\/couleurs-cami.com\/wp-content\/uploads\/GAL_PLAISSADES.jpeg\" class=\"attachment-medium size-medium\" alt=\"\" srcset=\"https:\/\/couleurs-cami.com\/wp-content\/uploads\/GAL_PLAISSADES.jpeg 500w, https:\/\/couleurs-cami.com\/wp-content\/uploads\/GAL_PLAISSADES-300x300.jpeg 300w, https:\/\/couleurs-cami.com\/wp-content\/uploads\/GAL_PLAISSADES-100x100.jpeg 100w\" sizes=\"auto, 100vw\" \/><div class=\"carousel-slider__caption\"><p class=\"caption\">PALISSADES<\/p><\/div><\/a><\/div>\n\n<div class=\"carousel-slider__item\">\n\t<a href=\"https:\/\/couleurs-cami.com\/index.php\/galerie\/collection-square-zen\/\" target=\"_self\"><img loading=\"lazy\" decoding=\"async\" width=\"600\" height=\"600\" src=\"https:\/\/couleurs-cami.com\/wp-content\/uploads\/GAL_SEVENTIES-1.jpeg\" class=\"attachment-medium size-medium\" alt=\"\" srcset=\"https:\/\/couleurs-cami.com\/wp-content\/uploads\/GAL_SEVENTIES-1.jpeg 600w, https:\/\/couleurs-cami.com\/wp-content\/uploads\/GAL_SEVENTIES-1-300x300.jpeg 300w, https:\/\/couleurs-cami.com\/wp-content\/uploads\/GAL_SEVENTIES-1-100x100.jpeg 100w\" sizes=\"auto, 100vw\" \/><div class=\"carousel-slider__caption\"><p class=\"caption\">SEVENTIES<\/p><\/div><\/a><\/div>\n\n<div class=\"carousel-slider__item\">\n\t<a href=\"https:\/\/couleurs-cami.com\/index.php\/galerie\/collection-lueurs\/\" target=\"_self\"><img loading=\"lazy\" decoding=\"async\" width=\"500\" height=\"500\" src=\"https:\/\/couleurs-cami.com\/wp-content\/uploads\/GAL_LUEURS-e1698850187244.png\" class=\"attachment-medium size-medium\" alt=\"\" sizes=\"auto, 100vw\" \/><div class=\"carousel-slider__caption\"><p class=\"caption\">LUEURS<\/p><\/div><\/a><\/div>\n\n<div class=\"carousel-slider__item\">\n\t<a href=\"https:\/\/couleurs-cami.com\/index.php\/galerie\/collection-grands-cami\/\" target=\"_self\"><img loading=\"lazy\" decoding=\"async\" width=\"500\" height=\"500\" src=\"https:\/\/couleurs-cami.com\/wp-content\/uploads\/GAL_GDS-FORMATS-e1698850200266.jpeg\" class=\"attachment-medium size-medium\" alt=\"\" sizes=\"auto, 100vw\" \/><div class=\"carousel-slider__caption\"><p class=\"caption\">GRANDS FORMATS<\/p><\/div><\/a><\/div>\n\n<div class=\"carousel-slider__item\">\n\t<a href=\"https:\/\/couleurs-cami.com\/index.php\/galerie\/collection-flots\/\" target=\"_self\"><img loading=\"lazy\" decoding=\"async\" width=\"500\" height=\"500\" src=\"https:\/\/couleurs-cami.com\/wp-content\/uploads\/GAL_FLOTS-e1698850215966.jpeg\" class=\"attachment-medium size-medium\" alt=\"\" sizes=\"auto, 100vw\" \/><div class=\"carousel-slider__caption\"><p class=\"caption\">FLOTS<\/p><\/div><\/a><\/div>\n\n<div class=\"carousel-slider__item\">\n\t<a href=\"https:\/\/couleurs-cami.com\/index.php\/galerie\/collection-vitraux\/\" target=\"_self\"><img loading=\"lazy\" decoding=\"async\" width=\"500\" height=\"500\" src=\"https:\/\/couleurs-cami.com\/wp-content\/uploads\/GAL_VITRAUX.jpeg\" class=\"attachment-medium size-medium\" alt=\"\" srcset=\"https:\/\/couleurs-cami.com\/wp-content\/uploads\/GAL_VITRAUX.jpeg 500w, https:\/\/couleurs-cami.com\/wp-content\/uploads\/GAL_VITRAUX-300x300.jpeg 300w, https:\/\/couleurs-cami.com\/wp-content\/uploads\/GAL_VITRAUX-100x100.jpeg 100w\" sizes=\"auto, 100vw\" \/><div class=\"carousel-slider__caption\"><p class=\"caption\">VITRAUX<\/p><\/div><\/a><\/div>\n\n<div class=\"carousel-slider__item\">\n\t<a href=\"https:\/\/couleurs-cami.com\/index.php\/galerie\/collection-nantes-2023\/\" target=\"_self\"><img loading=\"lazy\" decoding=\"async\" width=\"500\" height=\"500\" src=\"https:\/\/couleurs-cami.com\/wp-content\/uploads\/GAL_2023-e1698850230224.png\" class=\"attachment-medium size-medium\" alt=\"\" sizes=\"auto, 100vw\" \/><div class=\"carousel-slider__caption\"><p class=\"caption\">TONDO<\/p><\/div><\/a><\/div>\n\n<div class=\"carousel-slider__item\">\n\t<a href=\"https:\/\/couleurs-cami.com\/index.php\/galerie\/collection-renouveau\" target=\"_self\"><img loading=\"lazy\" decoding=\"async\" width=\"600\" height=\"600\" src=\"https:\/\/couleurs-cami.com\/wp-content\/uploads\/GAL_RENOUVEAU-1.jpeg\" class=\"attachment-medium size-medium\" alt=\"\" srcset=\"https:\/\/couleurs-cami.com\/wp-content\/uploads\/GAL_RENOUVEAU-1.jpeg 600w, https:\/\/couleurs-cami.com\/wp-content\/uploads\/GAL_RENOUVEAU-1-300x300.jpeg 300w, https:\/\/couleurs-cami.com\/wp-content\/uploads\/GAL_RENOUVEAU-1-100x100.jpeg 100w\" sizes=\"auto, 100vw\" \/><div class=\"carousel-slider__caption\"><p class=\"caption\">RENOUVEAU<\/p><\/div><\/a><\/div>\n\n<\/div><!-- .carousel-slider-2320 -->\n<\/div><!-- .carousel-slider-outer-2320 -->\n<\/div>\n\n\n\n<p>Nous pouvons exp\u00e9dier les toiles \u00e0 l&rsquo;\u00e9tranger, dans un emballage adapt\u00e9.<\/p>\n","protected":false},"excerpt":{"rendered":"<p>Bienvenue dans l&rsquo;univers de Cami. Inspir\u00e9es par les ma\u00eetres de l&rsquo;Art Abstrait, les toiles de Cami sont contemporaines, color\u00e9es et viendront adoucir, \u00e9gayer, embellir vos maisons et appartements. Cami met son esth\u00e9tisme et sa sensibilit\u00e9 au service de son art et cr\u00e9e un univers pictural \u00e0 la fois gai et apaisant. Elle travaille par collections &hellip; <\/p>\n<p class=\"link-more\"><a href=\"https:\/\/couleurs-cami.com\/index.php\/accueil\/\" class=\"more-link\">Continuer la lecture<span class=\"screen-reader-text\"> de &laquo;&nbsp;Univers moderne abstrait et color\u00e9&nbsp;&raquo;<\/span><\/a><\/p>\n","protected":false},"author":1,"featured_media":0,"parent":0,"menu_order":0,"comment_status":"closed","ping_status":"closed","template":"","meta":{"om_disable_all_campaigns":false,"_monsterinsights_skip_tracking":false,"_monsterinsights_sitenote_active":false,"_monsterinsights_sitenote_note":"","_monsterinsights_sitenote_category":0,"footnotes":""},"class_list":["post-326","page","type-page","status-publish","hentry"],"aioseo_notices":[],"_links":{"self":[{"href":"https:\/\/couleurs-cami.com\/index.php\/wp-json\/wp\/v2\/pages\/326","targetHints":{"allow":["GET"]}}],"collection":[{"href":"https:\/\/couleurs-cami.com\/index.php\/wp-json\/wp\/v2\/pages"}],"about":[{"href":"https:\/\/couleurs-cami.com\/index.php\/wp-json\/wp\/v2\/types\/page"}],"author":[{"embeddable":true,"href":"https:\/\/couleurs-cami.com\/index.php\/wp-json\/wp\/v2\/users\/1"}],"replies":[{"embeddable":true,"href":"https:\/\/couleurs-cami.com\/index.php\/wp-json\/wp\/v2\/comments?post=326"}],"version-history":[{"count":77,"href":"https:\/\/couleurs-cami.com\/index.php\/wp-json\/wp\/v2\/pages\/326\/revisions"}],"predecessor-version":[{"id":3039,"href":"https:\/\/couleurs-cami.com\/index.php\/wp-json\/wp\/v2\/pages\/326\/revisions\/3039"}],"wp:attachment":[{"href":"https:\/\/couleurs-cami.com\/index.php\/wp-json\/wp\/v2\/media?parent=326"}],"curies":[{"name":"wp","href":"https:\/\/api.w.org\/{rel}","templated":true}]}}