{"id":34,"date":"2019-10-03T20:47:37","date_gmt":"2019-10-03T18:47:37","guid":{"rendered":"http:\/\/couleurs-cami.com\/?page_id=34"},"modified":"2024-03-11T16:32:22","modified_gmt":"2024-03-11T15:32:22","slug":"lartiste","status":"publish","type":"page","link":"https:\/\/couleurs-cami.com\/index.php\/lartiste\/","title":{"rendered":"L&rsquo;artiste vous fait d\u00e9couvrir la magie de la peinture abstraite !"},"content":{"rendered":"\n<figure class=\"wp-block-image size-large\"><img loading=\"lazy\" decoding=\"async\" width=\"1024\" height=\"768\" src=\"https:\/\/couleurs-cami.com\/wp-content\/uploads\/IMG_55142.jpg\" alt=\"\" class=\"wp-image-663\" srcset=\"https:\/\/couleurs-cami.com\/wp-content\/uploads\/IMG_55142.jpg 1024w, https:\/\/couleurs-cami.com\/wp-content\/uploads\/IMG_55142-600x450.jpg 600w, https:\/\/couleurs-cami.com\/wp-content\/uploads\/IMG_55142-768x576.jpg 768w\" sizes=\"auto, (max-width: 767px) 89vw, (max-width: 1000px) 54vw, (max-width: 1071px) 543px, 580px\" \/><\/figure>\n\n\n\n<p class=\"has-normal-font-size\">Cami peint depuis une quinzaine d&rsquo;ann\u00e9es,  \u00e0 l&rsquo;acrylique ; sa technique est mixte  : brosses, couteaux, pinceaux . Sa peinture est abstraite, tr\u00e8s color\u00e9e, toujours \u00e0 la fois gaie, structur\u00e9e et apaisante . Cami a l&rsquo;intuition du choix, du m\u00e9lange , de la juxtaposition des couleurs puis elle \u00ab\u00a0laisse parler la peinture\u00a0\u00bb et adapte la composition pour cr\u00e9er \u00e9motion et esth\u00e9tisme. L&rsquo;abstrait ouvre des portes, pose des questions et emm\u00e8ne dans l&rsquo;univers de l&rsquo;artiste mais aussi cr\u00e9e des fen\u00e8tres par les quelles s&rsquo;\u00e9chappe le spectateur vers son propre univers . <\/p>\n\n\n\n<p><strong>\u00ab\u00a0C&rsquo;est la magie de la peinture abstraite\u00a0\u00bb<\/strong><\/p>\n\n\n\n<p><\/p>\n\n\n\n<p class=\"has-normal-font-size\">Cami expose dans les lieux qu&rsquo;elle aime et o\u00f9 elle vit : Paris et  le bassin d&rsquo;Arcachon .<\/p>\n\n\n\n<p class=\"has-normal-font-size\">Elle a cr\u00e9e \u00ab\u00a0Couleurs Cami\u00a0\u00bb pour faire partager son univers esth\u00e9tique et son talent . <\/p>\n\n\n\n<p class=\"has-normal-font-size\"><\/p>\n\n\n\n<p class=\"has-normal-font-size\">Entre Art et D\u00e9coration, les toiles de Cami rayonnent et apaisent, l&rsquo;art s&rsquo;int\u00e8gre harmonieusement dans votre univers<\/p>\n","protected":false},"excerpt":{"rendered":"<p>Cami peint depuis une quinzaine d&rsquo;ann\u00e9es, \u00e0 l&rsquo;acrylique ; sa technique est mixte : brosses, couteaux, pinceaux . Sa peinture est abstraite, tr\u00e8s color\u00e9e, toujours \u00e0 la fois gaie, structur\u00e9e et apaisante . Cami a l&rsquo;intuition du choix, du m\u00e9lange , de la juxtaposition des couleurs puis elle \u00ab\u00a0laisse parler la peinture\u00a0\u00bb et adapte la &hellip; <\/p>\n<p class=\"link-more\"><a href=\"https:\/\/couleurs-cami.com\/index.php\/lartiste\/\" class=\"more-link\">Continuer la lecture<span class=\"screen-reader-text\"> de &laquo;&nbsp;L&rsquo;artiste vous fait d\u00e9couvrir la magie de la peinture abstraite !&nbsp;&raquo;<\/span><\/a><\/p>\n","protected":false},"author":1,"featured_media":0,"parent":0,"menu_order":0,"comment_status":"closed","ping_status":"closed","template":"","meta":{"om_disable_all_campaigns":false,"_monsterinsights_skip_tracking":false,"_monsterinsights_sitenote_active":false,"_monsterinsights_sitenote_note":"","_monsterinsights_sitenote_category":0,"footnotes":""},"class_list":["post-34","page","type-page","status-publish","hentry"],"aioseo_notices":[],"_links":{"self":[{"href":"https:\/\/couleurs-cami.com\/index.php\/wp-json\/wp\/v2\/pages\/34","targetHints":{"allow":["GET"]}}],"collection":[{"href":"https:\/\/couleurs-cami.com\/index.php\/wp-json\/wp\/v2\/pages"}],"about":[{"href":"https:\/\/couleurs-cami.com\/index.php\/wp-json\/wp\/v2\/types\/page"}],"author":[{"embeddable":true,"href":"https:\/\/couleurs-cami.com\/index.php\/wp-json\/wp\/v2\/users\/1"}],"replies":[{"embeddable":true,"href":"https:\/\/couleurs-cami.com\/index.php\/wp-json\/wp\/v2\/comments?post=34"}],"version-history":[{"count":33,"href":"https:\/\/couleurs-cami.com\/index.php\/wp-json\/wp\/v2\/pages\/34\/revisions"}],"predecessor-version":[{"id":2612,"href":"https:\/\/couleurs-cami.com\/index.php\/wp-json\/wp\/v2\/pages\/34\/revisions\/2612"}],"wp:attachment":[{"href":"https:\/\/couleurs-cami.com\/index.php\/wp-json\/wp\/v2\/media?parent=34"}],"curies":[{"name":"wp","href":"https:\/\/api.w.org\/{rel}","templated":true}]}}