{"id":454,"date":"2020-05-25T19:22:42","date_gmt":"2020-05-25T17:22:42","guid":{"rendered":"http:\/\/couleurs-cami.com\/?page_id=454"},"modified":"2025-10-21T17:30:48","modified_gmt":"2025-10-21T15:30:48","slug":"collection-vitraux","status":"publish","type":"page","link":"https:\/\/couleurs-cami.com\/index.php\/collection-vitraux\/","title":{"rendered":"Collection VITRAUX"},"content":{"rendered":"\n<p>Avec leurs aplats blancs, ces tableaux apportent de la lumi\u00e8re , et cr\u00e9ent une impresssion de fen\u00eatre apaisante .<\/p>\n\n\n\n<p>Ils sont mis en valeur en diptyques et sont tr\u00e8s adapt\u00e9s \u00e0 des espaces de travail \u00e0 la maison o\u00f9 dans des locaux professionnels .<\/p>\n\n\n\n<figure class=\"wp-block-gallery has-nested-images columns-1 is-cropped wp-block-gallery-1 is-layout-flex wp-block-gallery-is-layout-flex\">\n<figure data-wp-context=\"{&quot;imageId&quot;:&quot;69f18795c1be9&quot;}\" data-wp-interactive=\"core\/image\" data-wp-key=\"69f18795c1be9\" class=\"wp-block-image size-medium wp-lightbox-container\"><img loading=\"lazy\" decoding=\"async\" width=\"591\" height=\"600\" data-wp-class--hide=\"state.isContentHidden\" data-wp-class--show=\"state.isContentVisible\" data-wp-init=\"callbacks.setButtonStyles\" data-wp-on--click=\"actions.showLightbox\" data-wp-on--load=\"callbacks.setButtonStyles\" data-wp-on-window--resize=\"callbacks.setButtonStyles\" data-id=\"376\" src=\"https:\/\/couleurs-cami.com\/wp-content\/uploads\/2020\/04\/CAMI_C13_8080-591x600.jpg\" alt=\"\" class=\"wp-image-376\" srcset=\"https:\/\/couleurs-cami.com\/wp-content\/uploads\/2020\/04\/CAMI_C13_8080-591x600.jpg 591w, https:\/\/couleurs-cami.com\/wp-content\/uploads\/2020\/04\/CAMI_C13_8080-788x800.jpg 788w, https:\/\/couleurs-cami.com\/wp-content\/uploads\/2020\/04\/CAMI_C13_8080-768x779.jpg 768w, https:\/\/couleurs-cami.com\/wp-content\/uploads\/2020\/04\/CAMI_C13_8080-1514x1536.jpg 1514w, https:\/\/couleurs-cami.com\/wp-content\/uploads\/2020\/04\/CAMI_C13_8080-2018x2048.jpg 2018w\" sizes=\"auto, (max-width: 591px) 100vw, 591px\" \/><button\n\t\t\tclass=\"lightbox-trigger\"\n\t\t\ttype=\"button\"\n\t\t\taria-haspopup=\"dialog\"\n\t\t\taria-label=\"Agrandir\"\n\t\t\tdata-wp-init=\"callbacks.initTriggerButton\"\n\t\t\tdata-wp-on--click=\"actions.showLightbox\"\n\t\t\tdata-wp-style--right=\"state.imageButtonRight\"\n\t\t\tdata-wp-style--top=\"state.imageButtonTop\"\n\t\t>\n\t\t\t<svg xmlns=\"http:\/\/www.w3.org\/2000\/svg\" width=\"12\" height=\"12\" fill=\"none\" viewBox=\"0 0 12 12\">\n\t\t\t\t<path fill=\"#fff\" d=\"M2 0a2 2 0 0 0-2 2v2h1.5V2a.5.5 0 0 1 .5-.5h2V0H2Zm2 10.5H2a.5.5 0 0 1-.5-.5V8H0v2a2 2 0 0 0 2 2h2v-1.5ZM8 12v-1.5h2a.5.5 0 0 0 .5-.5V8H12v2a2 2 0 0 1-2 2H8Zm2-12a2 2 0 0 1 2 2v2h-1.5V2a.5.5 0 0 0-.5-.5H8V0h2Z\" \/>\n\t\t\t<\/svg>\n\t\t<\/button><figcaption class=\"wp-element-caption\">CAMI <strong>C13<\/strong> <em>&#8211; 80 x 80 cm<\/em><\/figcaption><\/figure>\n\n\n\n<figure data-wp-context=\"{&quot;imageId&quot;:&quot;69f18795c2269&quot;}\" data-wp-interactive=\"core\/image\" data-wp-key=\"69f18795c2269\" class=\"wp-block-image size-medium wp-lightbox-container\"><img loading=\"lazy\" decoding=\"async\" width=\"600\" height=\"600\" data-wp-class--hide=\"state.isContentHidden\" data-wp-class--show=\"state.isContentVisible\" data-wp-init=\"callbacks.setButtonStyles\" data-wp-on--click=\"actions.showLightbox\" data-wp-on--load=\"callbacks.setButtonStyles\" data-wp-on-window--resize=\"callbacks.setButtonStyles\" data-id=\"375\" src=\"https:\/\/couleurs-cami.com\/wp-content\/uploads\/2020\/04\/CAMI_C15_8080-600x600.jpg\" alt=\"\" class=\"wp-image-375\" srcset=\"https:\/\/couleurs-cami.com\/wp-content\/uploads\/2020\/04\/CAMI_C15_8080-600x600.jpg 600w, https:\/\/couleurs-cami.com\/wp-content\/uploads\/2020\/04\/CAMI_C15_8080-800x800.jpg 800w, https:\/\/couleurs-cami.com\/wp-content\/uploads\/2020\/04\/CAMI_C15_8080-150x150.jpg 150w, https:\/\/couleurs-cami.com\/wp-content\/uploads\/2020\/04\/CAMI_C15_8080-768x768.jpg 768w, https:\/\/couleurs-cami.com\/wp-content\/uploads\/2020\/04\/CAMI_C15_8080-1536x1536.jpg 1536w, https:\/\/couleurs-cami.com\/wp-content\/uploads\/2020\/04\/CAMI_C15_8080-2048x2048.jpg 2048w, https:\/\/couleurs-cami.com\/wp-content\/uploads\/2020\/04\/CAMI_C15_8080-100x100.jpg 100w\" sizes=\"auto, (max-width: 600px) 100vw, 600px\" \/><button\n\t\t\tclass=\"lightbox-trigger\"\n\t\t\ttype=\"button\"\n\t\t\taria-haspopup=\"dialog\"\n\t\t\taria-label=\"Agrandir\"\n\t\t\tdata-wp-init=\"callbacks.initTriggerButton\"\n\t\t\tdata-wp-on--click=\"actions.showLightbox\"\n\t\t\tdata-wp-style--right=\"state.imageButtonRight\"\n\t\t\tdata-wp-style--top=\"state.imageButtonTop\"\n\t\t>\n\t\t\t<svg xmlns=\"http:\/\/www.w3.org\/2000\/svg\" width=\"12\" height=\"12\" fill=\"none\" viewBox=\"0 0 12 12\">\n\t\t\t\t<path fill=\"#fff\" d=\"M2 0a2 2 0 0 0-2 2v2h1.5V2a.5.5 0 0 1 .5-.5h2V0H2Zm2 10.5H2a.5.5 0 0 1-.5-.5V8H0v2a2 2 0 0 0 2 2h2v-1.5ZM8 12v-1.5h2a.5.5 0 0 0 .5-.5V8H12v2a2 2 0 0 1-2 2H8Zm2-12a2 2 0 0 1 2 2v2h-1.5V2a.5.5 0 0 0-.5-.5H8V0h2Z\" \/>\n\t\t\t<\/svg>\n\t\t<\/button><figcaption class=\"wp-element-caption\">CAMI <strong>C15<\/strong> <em>&#8211; 80 x 80 cm<\/em><\/figcaption><\/figure>\n\n\n\n<figure data-wp-context=\"{&quot;imageId&quot;:&quot;69f18795c274d&quot;}\" data-wp-interactive=\"core\/image\" data-wp-key=\"69f18795c274d\" class=\"wp-block-image size-medium wp-lightbox-container\"><img loading=\"lazy\" decoding=\"async\" width=\"600\" height=\"600\" data-wp-class--hide=\"state.isContentHidden\" data-wp-class--show=\"state.isContentVisible\" data-wp-init=\"callbacks.setButtonStyles\" data-wp-on--click=\"actions.showLightbox\" data-wp-on--load=\"callbacks.setButtonStyles\" data-wp-on-window--resize=\"callbacks.setButtonStyles\" data-id=\"377\" src=\"https:\/\/couleurs-cami.com\/wp-content\/uploads\/2020\/04\/CAMI_C14_8080-600x600.jpg\" alt=\"\" class=\"wp-image-377\" srcset=\"https:\/\/couleurs-cami.com\/wp-content\/uploads\/2020\/04\/CAMI_C14_8080-600x600.jpg 600w, https:\/\/couleurs-cami.com\/wp-content\/uploads\/2020\/04\/CAMI_C14_8080-800x800.jpg 800w, https:\/\/couleurs-cami.com\/wp-content\/uploads\/2020\/04\/CAMI_C14_8080-150x150.jpg 150w, https:\/\/couleurs-cami.com\/wp-content\/uploads\/2020\/04\/CAMI_C14_8080-768x768.jpg 768w, https:\/\/couleurs-cami.com\/wp-content\/uploads\/2020\/04\/CAMI_C14_8080-1536x1536.jpg 1536w, https:\/\/couleurs-cami.com\/wp-content\/uploads\/2020\/04\/CAMI_C14_8080-2048x2048.jpg 2048w, https:\/\/couleurs-cami.com\/wp-content\/uploads\/2020\/04\/CAMI_C14_8080-100x100.jpg 100w\" sizes=\"auto, (max-width: 600px) 100vw, 600px\" \/><button\n\t\t\tclass=\"lightbox-trigger\"\n\t\t\ttype=\"button\"\n\t\t\taria-haspopup=\"dialog\"\n\t\t\taria-label=\"Agrandir\"\n\t\t\tdata-wp-init=\"callbacks.initTriggerButton\"\n\t\t\tdata-wp-on--click=\"actions.showLightbox\"\n\t\t\tdata-wp-style--right=\"state.imageButtonRight\"\n\t\t\tdata-wp-style--top=\"state.imageButtonTop\"\n\t\t>\n\t\t\t<svg xmlns=\"http:\/\/www.w3.org\/2000\/svg\" width=\"12\" height=\"12\" fill=\"none\" viewBox=\"0 0 12 12\">\n\t\t\t\t<path fill=\"#fff\" d=\"M2 0a2 2 0 0 0-2 2v2h1.5V2a.5.5 0 0 1 .5-.5h2V0H2Zm2 10.5H2a.5.5 0 0 1-.5-.5V8H0v2a2 2 0 0 0 2 2h2v-1.5ZM8 12v-1.5h2a.5.5 0 0 0 .5-.5V8H12v2a2 2 0 0 1-2 2H8Zm2-12a2 2 0 0 1 2 2v2h-1.5V2a.5.5 0 0 0-.5-.5H8V0h2Z\" \/>\n\t\t\t<\/svg>\n\t\t<\/button><figcaption class=\"wp-element-caption\">CAMI <strong>C14<\/strong> <em>&#8211; 80 x 80 cm<\/em><\/figcaption><\/figure>\n\n\n\n<figure data-wp-context=\"{&quot;imageId&quot;:&quot;69f18795c2ccf&quot;}\" data-wp-interactive=\"core\/image\" data-wp-key=\"69f18795c2ccf\" class=\"wp-block-image size-medium wp-lightbox-container\"><img loading=\"lazy\" decoding=\"async\" width=\"604\" height=\"600\" data-wp-class--hide=\"state.isContentHidden\" data-wp-class--show=\"state.isContentVisible\" data-wp-init=\"callbacks.setButtonStyles\" data-wp-on--click=\"actions.showLightbox\" data-wp-on--load=\"callbacks.setButtonStyles\" data-wp-on-window--resize=\"callbacks.setButtonStyles\" data-id=\"378\" src=\"https:\/\/couleurs-cami.com\/wp-content\/uploads\/2020\/04\/CAMI_C16_8080-604x600.jpg\" alt=\"\" class=\"wp-image-378\" srcset=\"https:\/\/couleurs-cami.com\/wp-content\/uploads\/2020\/04\/CAMI_C16_8080-604x600.jpg 604w, https:\/\/couleurs-cami.com\/wp-content\/uploads\/2020\/04\/CAMI_C16_8080-805x800.jpg 805w, https:\/\/couleurs-cami.com\/wp-content\/uploads\/2020\/04\/CAMI_C16_8080-150x150.jpg 150w, https:\/\/couleurs-cami.com\/wp-content\/uploads\/2020\/04\/CAMI_C16_8080-768x763.jpg 768w, https:\/\/couleurs-cami.com\/wp-content\/uploads\/2020\/04\/CAMI_C16_8080-1536x1526.jpg 1536w, https:\/\/couleurs-cami.com\/wp-content\/uploads\/2020\/04\/CAMI_C16_8080-2048x2035.jpg 2048w, https:\/\/couleurs-cami.com\/wp-content\/uploads\/2020\/04\/CAMI_C16_8080-100x100.jpg 100w\" sizes=\"auto, (max-width: 604px) 100vw, 604px\" \/><button\n\t\t\tclass=\"lightbox-trigger\"\n\t\t\ttype=\"button\"\n\t\t\taria-haspopup=\"dialog\"\n\t\t\taria-label=\"Agrandir\"\n\t\t\tdata-wp-init=\"callbacks.initTriggerButton\"\n\t\t\tdata-wp-on--click=\"actions.showLightbox\"\n\t\t\tdata-wp-style--right=\"state.imageButtonRight\"\n\t\t\tdata-wp-style--top=\"state.imageButtonTop\"\n\t\t>\n\t\t\t<svg xmlns=\"http:\/\/www.w3.org\/2000\/svg\" width=\"12\" height=\"12\" fill=\"none\" viewBox=\"0 0 12 12\">\n\t\t\t\t<path fill=\"#fff\" d=\"M2 0a2 2 0 0 0-2 2v2h1.5V2a.5.5 0 0 1 .5-.5h2V0H2Zm2 10.5H2a.5.5 0 0 1-.5-.5V8H0v2a2 2 0 0 0 2 2h2v-1.5ZM8 12v-1.5h2a.5.5 0 0 0 .5-.5V8H12v2a2 2 0 0 1-2 2H8Zm2-12a2 2 0 0 1 2 2v2h-1.5V2a.5.5 0 0 0-.5-.5H8V0h2Z\" \/>\n\t\t\t<\/svg>\n\t\t<\/button><figcaption class=\"wp-element-caption\">CAMI <strong>C16<\/strong> <em>&#8211; 80 x 80 cm<\/em><\/figcaption><\/figure>\n\n\n\n<figure data-wp-context=\"{&quot;imageId&quot;:&quot;69f18795c324d&quot;}\" data-wp-interactive=\"core\/image\" data-wp-key=\"69f18795c324d\" class=\"wp-block-image size-medium wp-lightbox-container\"><img loading=\"lazy\" decoding=\"async\" width=\"600\" height=\"600\" data-wp-class--hide=\"state.isContentHidden\" data-wp-class--show=\"state.isContentVisible\" data-wp-init=\"callbacks.setButtonStyles\" data-wp-on--click=\"actions.showLightbox\" data-wp-on--load=\"callbacks.setButtonStyles\" data-wp-on-window--resize=\"callbacks.setButtonStyles\" data-id=\"381\" src=\"https:\/\/couleurs-cami.com\/wp-content\/uploads\/2020\/04\/CAMI_C22_8080-600x600.jpg\" alt=\"\" class=\"wp-image-381\" srcset=\"https:\/\/couleurs-cami.com\/wp-content\/uploads\/2020\/04\/CAMI_C22_8080-600x600.jpg 600w, https:\/\/couleurs-cami.com\/wp-content\/uploads\/2020\/04\/CAMI_C22_8080-800x800.jpg 800w, https:\/\/couleurs-cami.com\/wp-content\/uploads\/2020\/04\/CAMI_C22_8080-150x150.jpg 150w, https:\/\/couleurs-cami.com\/wp-content\/uploads\/2020\/04\/CAMI_C22_8080-768x768.jpg 768w, https:\/\/couleurs-cami.com\/wp-content\/uploads\/2020\/04\/CAMI_C22_8080-1536x1536.jpg 1536w, https:\/\/couleurs-cami.com\/wp-content\/uploads\/2020\/04\/CAMI_C22_8080-2048x2048.jpg 2048w, https:\/\/couleurs-cami.com\/wp-content\/uploads\/2020\/04\/CAMI_C22_8080-100x100.jpg 100w\" sizes=\"auto, (max-width: 600px) 100vw, 600px\" \/><button\n\t\t\tclass=\"lightbox-trigger\"\n\t\t\ttype=\"button\"\n\t\t\taria-haspopup=\"dialog\"\n\t\t\taria-label=\"Agrandir\"\n\t\t\tdata-wp-init=\"callbacks.initTriggerButton\"\n\t\t\tdata-wp-on--click=\"actions.showLightbox\"\n\t\t\tdata-wp-style--right=\"state.imageButtonRight\"\n\t\t\tdata-wp-style--top=\"state.imageButtonTop\"\n\t\t>\n\t\t\t<svg xmlns=\"http:\/\/www.w3.org\/2000\/svg\" width=\"12\" height=\"12\" fill=\"none\" viewBox=\"0 0 12 12\">\n\t\t\t\t<path fill=\"#fff\" d=\"M2 0a2 2 0 0 0-2 2v2h1.5V2a.5.5 0 0 1 .5-.5h2V0H2Zm2 10.5H2a.5.5 0 0 1-.5-.5V8H0v2a2 2 0 0 0 2 2h2v-1.5ZM8 12v-1.5h2a.5.5 0 0 0 .5-.5V8H12v2a2 2 0 0 1-2 2H8Zm2-12a2 2 0 0 1 2 2v2h-1.5V2a.5.5 0 0 0-.5-.5H8V0h2Z\" \/>\n\t\t\t<\/svg>\n\t\t<\/button><figcaption class=\"wp-element-caption\">CAMI <strong>C22<\/strong> <em>&#8211; 80 x 80 c<\/em><\/figcaption><\/figure>\n\n\n\n<figure class=\"wp-block-image size-medium\"><img loading=\"lazy\" decoding=\"async\" width=\"600\" height=\"600\" data-id=\"380\" src=\"https:\/\/couleurs-cami.com\/wp-content\/uploads\/2020\/04\/CAMI_C21_8080-600x600.jpg\" alt=\"\" class=\"wp-image-380\" srcset=\"https:\/\/couleurs-cami.com\/wp-content\/uploads\/2020\/04\/CAMI_C21_8080-600x600.jpg 600w, https:\/\/couleurs-cami.com\/wp-content\/uploads\/2020\/04\/CAMI_C21_8080-800x800.jpg 800w, https:\/\/couleurs-cami.com\/wp-content\/uploads\/2020\/04\/CAMI_C21_8080-150x150.jpg 150w, https:\/\/couleurs-cami.com\/wp-content\/uploads\/2020\/04\/CAMI_C21_8080-768x768.jpg 768w, https:\/\/couleurs-cami.com\/wp-content\/uploads\/2020\/04\/CAMI_C21_8080-1536x1536.jpg 1536w, https:\/\/couleurs-cami.com\/wp-content\/uploads\/2020\/04\/CAMI_C21_8080-2048x2048.jpg 2048w, https:\/\/couleurs-cami.com\/wp-content\/uploads\/2020\/04\/CAMI_C21_8080-100x100.jpg 100w\" sizes=\"auto, (max-width: 600px) 100vw, 600px\" \/><figcaption class=\"wp-element-caption\">CAMI <strong>C21<\/strong> <em>&#8211; Vendu<\/em><\/figcaption><\/figure>\n<figcaption class=\"blocks-gallery-caption wp-element-caption\">VITRAUX<\/figcaption><\/figure>\n\n\n\n<p>Chaque toile est fournie avec un certificat d\u2019authenticit\u00e9 . Tous les bords sont peints et il existe un syst\u00e8me d&rsquo;accrochage au dos de chacune des toiles.<\/p>\n\n\n\n<p>Pour commander une toile,&nbsp;<strong><a href=\"https:\/\/couleurs-cami.com\/index.php\/devis\/\" target=\"_blank\" rel=\"noreferrer noopener\">\u00e9crivez-nous<\/a>&nbsp;sur couleurs.cami@gmail.com<\/strong> en pr\u00e9cisant la r\u00e9f\u00e9rence de la toile (exemple C13 ou R32 )<\/p>\n","protected":false},"excerpt":{"rendered":"<p>Avec leurs aplats blancs, ces tableaux apportent de la lumi\u00e8re , et cr\u00e9ent une impresssion de fen\u00eatre apaisante . Ils sont mis en valeur en diptyques et sont tr\u00e8s adapt\u00e9s \u00e0 des espaces de travail \u00e0 la maison o\u00f9 dans des locaux professionnels . Chaque toile est fournie avec un certificat d\u2019authenticit\u00e9 . Tous les &hellip; <\/p>\n<p class=\"link-more\"><a href=\"https:\/\/couleurs-cami.com\/index.php\/collection-vitraux\/\" class=\"more-link\">Continuer la lecture<span class=\"screen-reader-text\"> de &laquo;&nbsp;Collection VITRAUX&nbsp;&raquo;<\/span><\/a><\/p>\n","protected":false},"author":1,"featured_media":0,"parent":0,"menu_order":2,"comment_status":"closed","ping_status":"closed","template":"","meta":{"om_disable_all_campaigns":false,"_monsterinsights_skip_tracking":false,"_monsterinsights_sitenote_active":false,"_monsterinsights_sitenote_note":"","_monsterinsights_sitenote_category":0,"footnotes":""},"class_list":["post-454","page","type-page","status-publish","hentry"],"aioseo_notices":[],"_links":{"self":[{"href":"https:\/\/couleurs-cami.com\/index.php\/wp-json\/wp\/v2\/pages\/454","targetHints":{"allow":["GET"]}}],"collection":[{"href":"https:\/\/couleurs-cami.com\/index.php\/wp-json\/wp\/v2\/pages"}],"about":[{"href":"https:\/\/couleurs-cami.com\/index.php\/wp-json\/wp\/v2\/types\/page"}],"author":[{"embeddable":true,"href":"https:\/\/couleurs-cami.com\/index.php\/wp-json\/wp\/v2\/users\/1"}],"replies":[{"embeddable":true,"href":"https:\/\/couleurs-cami.com\/index.php\/wp-json\/wp\/v2\/comments?post=454"}],"version-history":[{"count":35,"href":"https:\/\/couleurs-cami.com\/index.php\/wp-json\/wp\/v2\/pages\/454\/revisions"}],"predecessor-version":[{"id":2975,"href":"https:\/\/couleurs-cami.com\/index.php\/wp-json\/wp\/v2\/pages\/454\/revisions\/2975"}],"wp:attachment":[{"href":"https:\/\/couleurs-cami.com\/index.php\/wp-json\/wp\/v2\/media?parent=454"}],"curies":[{"name":"wp","href":"https:\/\/api.w.org\/{rel}","templated":true}]}}