{"id":901,"date":"2021-04-04T21:17:30","date_gmt":"2021-04-04T19:17:30","guid":{"rendered":"http:\/\/couleurs-cami.com\/?page_id=901"},"modified":"2025-10-21T17:34:42","modified_gmt":"2025-10-21T15:34:42","slug":"collection-renouveau-21","status":"publish","type":"page","link":"https:\/\/couleurs-cami.com\/index.php\/collection-renouveau-21\/","title":{"rendered":"Collection RENOUVEAU (sold out)"},"content":{"rendered":"\n<figure class=\"wp-block-gallery aligncenter has-nested-images columns-1 wp-block-gallery-1 is-layout-flex wp-block-gallery-is-layout-flex\"><div class=\"wp-block-image\">\n<figure class=\"aligncenter size-medium\"><img loading=\"lazy\" decoding=\"async\" width=\"484\" height=\"600\" data-id=\"893\" src=\"https:\/\/couleurs-cami.com\/wp-content\/uploads\/CAMI_R42_10081-484x600.jpg\" alt=\"\" class=\"wp-image-893\" srcset=\"https:\/\/couleurs-cami.com\/wp-content\/uploads\/CAMI_R42_10081-484x600.jpg 484w, https:\/\/couleurs-cami.com\/wp-content\/uploads\/CAMI_R42_10081-646x800.jpg 646w, https:\/\/couleurs-cami.com\/wp-content\/uploads\/CAMI_R42_10081-768x952.jpg 768w, https:\/\/couleurs-cami.com\/wp-content\/uploads\/CAMI_R42_10081-1240x1536.jpg 1240w, https:\/\/couleurs-cami.com\/wp-content\/uploads\/CAMI_R42_10081-1653x2048.jpg 1653w\" sizes=\"auto, (max-width: 484px) 100vw, 484px\" \/><figcaption class=\"wp-element-caption\">CAMI R42 &#8211; Vendu<\/figcaption><\/figure>\n<\/div>\n\n<div class=\"wp-block-image\">\n<figure class=\"aligncenter size-medium\"><img loading=\"lazy\" decoding=\"async\" width=\"477\" height=\"600\" data-id=\"894\" src=\"https:\/\/couleurs-cami.com\/wp-content\/uploads\/CAMI_R43_10081-477x600.jpg\" alt=\"\" class=\"wp-image-894\" srcset=\"https:\/\/couleurs-cami.com\/wp-content\/uploads\/CAMI_R43_10081-477x600.jpg 477w, https:\/\/couleurs-cami.com\/wp-content\/uploads\/CAMI_R43_10081-636x800.jpg 636w, https:\/\/couleurs-cami.com\/wp-content\/uploads\/CAMI_R43_10081-768x967.jpg 768w, https:\/\/couleurs-cami.com\/wp-content\/uploads\/CAMI_R43_10081-1221x1536.jpg 1221w, https:\/\/couleurs-cami.com\/wp-content\/uploads\/CAMI_R43_10081-1627x2048.jpg 1627w, https:\/\/couleurs-cami.com\/wp-content\/uploads\/CAMI_R43_10081-scaled.jpg 2034w\" sizes=\"auto, (max-width: 477px) 100vw, 477px\" \/><figcaption class=\"wp-element-caption\">CAMI R43 &#8211; Vendu<\/figcaption><\/figure>\n<\/div>\n\n<div class=\"wp-block-image\">\n<figure class=\"aligncenter size-medium\"><img loading=\"lazy\" decoding=\"async\" width=\"600\" height=\"487\" data-id=\"889\" src=\"https:\/\/couleurs-cami.com\/wp-content\/uploads\/CAMI_R38_10081-600x487.jpg\" alt=\"\" class=\"wp-image-889\" srcset=\"https:\/\/couleurs-cami.com\/wp-content\/uploads\/CAMI_R38_10081-600x487.jpg 600w, https:\/\/couleurs-cami.com\/wp-content\/uploads\/CAMI_R38_10081-986x800.jpg 986w, https:\/\/couleurs-cami.com\/wp-content\/uploads\/CAMI_R38_10081-768x623.jpg 768w, https:\/\/couleurs-cami.com\/wp-content\/uploads\/CAMI_R38_10081-1536x1246.jpg 1536w, https:\/\/couleurs-cami.com\/wp-content\/uploads\/CAMI_R38_10081-2048x1662.jpg 2048w\" sizes=\"auto, (max-width: 600px) 100vw, 600px\" \/><figcaption class=\"wp-element-caption\">Vendu<\/figcaption><\/figure>\n<\/div>\n\n<div class=\"wp-block-image\">\n<figure class=\"aligncenter size-medium\"><img loading=\"lazy\" decoding=\"async\" width=\"600\" height=\"482\" data-id=\"891\" src=\"https:\/\/couleurs-cami.com\/wp-content\/uploads\/CAMI_R40_10081-600x482.jpg\" alt=\"\" class=\"wp-image-891\" srcset=\"https:\/\/couleurs-cami.com\/wp-content\/uploads\/CAMI_R40_10081-600x482.jpg 600w, https:\/\/couleurs-cami.com\/wp-content\/uploads\/CAMI_R40_10081-996x800.jpg 996w, https:\/\/couleurs-cami.com\/wp-content\/uploads\/CAMI_R40_10081-768x617.jpg 768w, https:\/\/couleurs-cami.com\/wp-content\/uploads\/CAMI_R40_10081-1536x1233.jpg 1536w, https:\/\/couleurs-cami.com\/wp-content\/uploads\/CAMI_R40_10081-2048x1644.jpg 2048w\" sizes=\"auto, (max-width: 600px) 100vw, 600px\" \/><figcaption class=\"wp-element-caption\">CAMI R40 &#8211; Vendu<\/figcaption><\/figure>\n<\/div>\n\n<div class=\"wp-block-image\">\n<figure class=\"aligncenter size-medium\"><img loading=\"lazy\" decoding=\"async\" width=\"600\" height=\"476\" data-id=\"892\" src=\"https:\/\/couleurs-cami.com\/wp-content\/uploads\/CAMI_R41_10081-600x476.jpg\" alt=\"\" class=\"wp-image-892\" srcset=\"https:\/\/couleurs-cami.com\/wp-content\/uploads\/CAMI_R41_10081-600x476.jpg 600w, https:\/\/couleurs-cami.com\/wp-content\/uploads\/CAMI_R41_10081-1008x800.jpg 1008w, https:\/\/couleurs-cami.com\/wp-content\/uploads\/CAMI_R41_10081-768x609.jpg 768w, https:\/\/couleurs-cami.com\/wp-content\/uploads\/CAMI_R41_10081-1536x1219.jpg 1536w, https:\/\/couleurs-cami.com\/wp-content\/uploads\/CAMI_R41_10081-2048x1625.jpg 2048w\" sizes=\"auto, (max-width: 600px) 100vw, 600px\" \/><figcaption class=\"wp-element-caption\">CAMI R41 -Vendu<\/figcaption><\/figure>\n<\/div>\n\n<div class=\"wp-block-image\">\n<figure class=\"aligncenter size-medium\"><img loading=\"lazy\" decoding=\"async\" width=\"467\" height=\"600\" data-id=\"967\" src=\"https:\/\/couleurs-cami.com\/wp-content\/uploads\/R51-92X73-pluie-bleue-467x600.jpg\" alt=\"\" class=\"wp-image-967\" srcset=\"https:\/\/couleurs-cami.com\/wp-content\/uploads\/R51-92X73-pluie-bleue-467x600.jpg 467w, https:\/\/couleurs-cami.com\/wp-content\/uploads\/R51-92X73-pluie-bleue-622x800.jpg 622w, https:\/\/couleurs-cami.com\/wp-content\/uploads\/R51-92X73-pluie-bleue-768x988.jpg 768w, https:\/\/couleurs-cami.com\/wp-content\/uploads\/R51-92X73-pluie-bleue-1194x1536.jpg 1194w, https:\/\/couleurs-cami.com\/wp-content\/uploads\/R51-92X73-pluie-bleue-1592x2048.jpg 1592w, https:\/\/couleurs-cami.com\/wp-content\/uploads\/R51-92X73-pluie-bleue-scaled.jpg 1990w\" sizes=\"auto, (max-width: 467px) 100vw, 467px\" \/><figcaption class=\"wp-element-caption\">CAMI R51 &#8211; Vendu<\/figcaption><\/figure>\n<\/div>\n\n<div class=\"wp-block-image\">\n<figure class=\"aligncenter size-medium\"><img loading=\"lazy\" decoding=\"async\" width=\"600\" height=\"487\" data-id=\"976\" src=\"https:\/\/couleurs-cami.com\/wp-content\/uploads\/CAMI_R39_81100-600x487.jpg\" alt=\"\" class=\"wp-image-976\" srcset=\"https:\/\/couleurs-cami.com\/wp-content\/uploads\/CAMI_R39_81100-600x487.jpg 600w, https:\/\/couleurs-cami.com\/wp-content\/uploads\/CAMI_R39_81100-986x800.jpg 986w, https:\/\/couleurs-cami.com\/wp-content\/uploads\/CAMI_R39_81100-768x623.jpg 768w, https:\/\/couleurs-cami.com\/wp-content\/uploads\/CAMI_R39_81100-1536x1247.jpg 1536w, https:\/\/couleurs-cami.com\/wp-content\/uploads\/CAMI_R39_81100-2048x1662.jpg 2048w\" sizes=\"auto, (max-width: 600px) 100vw, 600px\" \/><figcaption class=\"wp-element-caption\">CAMI R39 &#8211; Vendu<\/figcaption><\/figure>\n<\/div>\n\n<div class=\"wp-block-image\">\n<figure data-wp-context=\"{&quot;imageId&quot;:&quot;69f199bc1ae39&quot;}\" data-wp-interactive=\"core\/image\" data-wp-key=\"69f199bc1ae39\" class=\"aligncenter size-medium wp-lightbox-container\"><img loading=\"lazy\" decoding=\"async\" width=\"600\" height=\"479\" data-wp-class--hide=\"state.isContentHidden\" data-wp-class--show=\"state.isContentVisible\" data-wp-init=\"callbacks.setButtonStyles\" data-wp-on--click=\"actions.showLightbox\" data-wp-on--load=\"callbacks.setButtonStyles\" data-wp-on-window--resize=\"callbacks.setButtonStyles\" data-id=\"968\" src=\"https:\/\/couleurs-cami.com\/wp-content\/uploads\/R50-73X92-indigo-horizontal-600x479.jpg\" alt=\"\" class=\"wp-image-968\" srcset=\"https:\/\/couleurs-cami.com\/wp-content\/uploads\/R50-73X92-indigo-horizontal-600x479.jpg 600w, https:\/\/couleurs-cami.com\/wp-content\/uploads\/R50-73X92-indigo-horizontal-1002x800.jpg 1002w, https:\/\/couleurs-cami.com\/wp-content\/uploads\/R50-73X92-indigo-horizontal-768x613.jpg 768w, https:\/\/couleurs-cami.com\/wp-content\/uploads\/R50-73X92-indigo-horizontal-1536x1226.jpg 1536w, https:\/\/couleurs-cami.com\/wp-content\/uploads\/R50-73X92-indigo-horizontal-2048x1635.jpg 2048w\" sizes=\"auto, (max-width: 600px) 100vw, 600px\" \/><button\n\t\t\tclass=\"lightbox-trigger\"\n\t\t\ttype=\"button\"\n\t\t\taria-haspopup=\"dialog\"\n\t\t\taria-label=\"Agrandir\"\n\t\t\tdata-wp-init=\"callbacks.initTriggerButton\"\n\t\t\tdata-wp-on--click=\"actions.showLightbox\"\n\t\t\tdata-wp-style--right=\"state.imageButtonRight\"\n\t\t\tdata-wp-style--top=\"state.imageButtonTop\"\n\t\t>\n\t\t\t<svg xmlns=\"http:\/\/www.w3.org\/2000\/svg\" width=\"12\" height=\"12\" fill=\"none\" viewBox=\"0 0 12 12\">\n\t\t\t\t<path fill=\"#fff\" d=\"M2 0a2 2 0 0 0-2 2v2h1.5V2a.5.5 0 0 1 .5-.5h2V0H2Zm2 10.5H2a.5.5 0 0 1-.5-.5V8H0v2a2 2 0 0 0 2 2h2v-1.5ZM8 12v-1.5h2a.5.5 0 0 0 .5-.5V8H12v2a2 2 0 0 1-2 2H8Zm2-12a2 2 0 0 1 2 2v2h-1.5V2a.5.5 0 0 0-.5-.5H8V0h2Z\" \/>\n\t\t\t<\/svg>\n\t\t<\/button><figcaption class=\"wp-element-caption\">CAMI R50 &#8211; Vendu<\/figcaption><\/figure>\n<\/div>\n\n<div class=\"wp-block-image\">\n<figure class=\"aligncenter size-medium\"><img loading=\"lazy\" decoding=\"async\" width=\"497\" height=\"600\" data-id=\"1195\" src=\"https:\/\/couleurs-cami.com\/wp-content\/uploads\/R52-92X73-porte-sur-la-mer-3.jpg-bis-1-3-497x600.jpg\" alt=\"R52 - Vendu\" class=\"wp-image-1195\" srcset=\"https:\/\/couleurs-cami.com\/wp-content\/uploads\/R52-92X73-porte-sur-la-mer-3.jpg-bis-1-3-497x600.jpg 497w, https:\/\/couleurs-cami.com\/wp-content\/uploads\/R52-92X73-porte-sur-la-mer-3.jpg-bis-1-3-663x800.jpg 663w, https:\/\/couleurs-cami.com\/wp-content\/uploads\/R52-92X73-porte-sur-la-mer-3.jpg-bis-1-3.jpg 742w\" sizes=\"auto, (max-width: 497px) 100vw, 497px\" \/><figcaption class=\"wp-element-caption\">CAMI R52 &#8211; Vendu<\/figcaption><\/figure>\n<\/div>\n\n<div class=\"wp-block-image\">\n<figure class=\"aligncenter size-medium\"><img loading=\"lazy\" decoding=\"async\" width=\"445\" height=\"600\" data-id=\"1170\" src=\"https:\/\/couleurs-cami.com\/wp-content\/uploads\/CAMI_R53-9273-445x600.jpg\" alt=\"\" class=\"wp-image-1170\" srcset=\"https:\/\/couleurs-cami.com\/wp-content\/uploads\/CAMI_R53-9273-445x600.jpg 445w, https:\/\/couleurs-cami.com\/wp-content\/uploads\/CAMI_R53-9273-593x800.jpg 593w, https:\/\/couleurs-cami.com\/wp-content\/uploads\/CAMI_R53-9273-768x1036.jpg 768w, https:\/\/couleurs-cami.com\/wp-content\/uploads\/CAMI_R53-9273.jpg 852w\" sizes=\"auto, (max-width: 445px) 100vw, 445px\" \/><figcaption class=\"wp-element-caption\">   Vendu<\/figcaption><\/figure>\n<\/div><\/figure>\n\n\n\n<p>Chaque toile est fournie avec un certificat d\u2019authenticit\u00e9. Tous les bords sont peints et il existe un syst\u00e8me d&rsquo;accrochage au dos de chacune des toiles.<\/p>\n\n\n\n<p>Pour commander une toile,&nbsp;<strong><a href=\"https:\/\/couleurs-cami.com\/index.php\/devis\/\" target=\"_blank\" rel=\"noreferrer noopener\">\u00e9crivez-nous<\/a>&nbsp;sur couleurs.cami@gmail.com<\/strong> en pr\u00e9cisant la r\u00e9f\u00e9rence de la toile (exemple R55).<\/p>\n\n\n\n<p><\/p>\n","protected":false},"excerpt":{"rendered":"<p>Chaque toile est fournie avec un certificat d\u2019authenticit\u00e9. Tous les bords sont peints et il existe un syst\u00e8me d&rsquo;accrochage au dos de chacune des toiles. Pour commander une toile,&nbsp;\u00e9crivez-nous&nbsp;sur couleurs.cami@gmail.com en pr\u00e9cisant la r\u00e9f\u00e9rence de la toile (exemple R55).<\/p>\n","protected":false},"author":1,"featured_media":0,"parent":0,"menu_order":9,"comment_status":"closed","ping_status":"closed","template":"","meta":{"om_disable_all_campaigns":false,"_monsterinsights_skip_tracking":false,"_monsterinsights_sitenote_active":false,"_monsterinsights_sitenote_note":"","_monsterinsights_sitenote_category":0,"footnotes":""},"class_list":["post-901","page","type-page","status-publish","hentry"],"aioseo_notices":[],"_links":{"self":[{"href":"https:\/\/couleurs-cami.com\/index.php\/wp-json\/wp\/v2\/pages\/901","targetHints":{"allow":["GET"]}}],"collection":[{"href":"https:\/\/couleurs-cami.com\/index.php\/wp-json\/wp\/v2\/pages"}],"about":[{"href":"https:\/\/couleurs-cami.com\/index.php\/wp-json\/wp\/v2\/types\/page"}],"author":[{"embeddable":true,"href":"https:\/\/couleurs-cami.com\/index.php\/wp-json\/wp\/v2\/users\/1"}],"replies":[{"embeddable":true,"href":"https:\/\/couleurs-cami.com\/index.php\/wp-json\/wp\/v2\/comments?post=901"}],"version-history":[{"count":67,"href":"https:\/\/couleurs-cami.com\/index.php\/wp-json\/wp\/v2\/pages\/901\/revisions"}],"predecessor-version":[{"id":2977,"href":"https:\/\/couleurs-cami.com\/index.php\/wp-json\/wp\/v2\/pages\/901\/revisions\/2977"}],"wp:attachment":[{"href":"https:\/\/couleurs-cami.com\/index.php\/wp-json\/wp\/v2\/media?parent=901"}],"curies":[{"name":"wp","href":"https:\/\/api.w.org\/{rel}","templated":true}]}}